{"id":2888,"date":"2024-01-04T11:44:09","date_gmt":"2024-01-04T11:44:09","guid":{"rendered":"https:\/\/kallik.webdev.is\/product\/valsoia-hafra-iskokur-cookie-oat-6x270gr\/"},"modified":"2026-04-22T15:17:59","modified_gmt":"2026-04-22T15:17:59","slug":"valsoia-hafra-iskokur-cookie-oat-6x270gr","status":"publish","type":"product","link":"https:\/\/kallik.is\/en\/product\/valsoia-hafra-iskokur-cookie-oat-6x270gr\/","title":{"rendered":"Valsoia Hafra \u00edsk\u00f6kur Cookie Oat 6x270gr"},"content":{"rendered":"<p>(55%): hafradrykkur (51%) (vatn, hafrar (0,8%)), s\u00fakr\u00f3sa, gl\u00fak\u00f3sas\u00edr\u00f3p, k\u00f3kosol\u00eda, d\u00f6kkir s\u00fakkula\u00a8idropar (5,6%) (sykur, kak\u00f3massi, kak\u00f3smj\u00f6r, \u00d5ruefni: s\u00f3lbl\u00f3malesit\u00edn, n\u00e1tt\u00farulegt vanillubrag\u00a8efni), vatn, malt\u00f3dextr\u00edn, d\u00f6kkt s\u00fakkula\u00a8iduft (0,6%) (kak\u00f3duft, kak\u00f3massi, sykur), dextr\u00f3si, sveifluj\u00f6fnunarefni: met\u00d5lsellul\u00f3sa &#8211; akas\u00edug\u00famm\u00ed &#8211; engisprettur &#8211; g\u00faarg\u00famm\u00ed &#8211; natr\u00edumalg\u00ednat, ertapr\u00f3tein , n\u00e1tt\u00faruleg brag\u00a8efni, sj\u00e1varsalt. K\u00d6KUINNIHALDSEFNI (45%): Hveiti, heilhveiti hafrafl\u00f6gur (9%), sykur, k\u00f3kosol\u00eda, invert sykurs\u00edr\u00f3p, s\u00fakkula\u00a8idropar (2,2%) (sykur, kak\u00f3massi, kak\u00f3smj\u00f6r, \u00d5ruefni: s\u00f3lbl\u00f3malesit\u00edn, n\u00e1tt\u00farulegt vanillubrag\u00a8efni ), sj\u00e1varsalt, lyftiefni: ammon\u00edumvetniskarb\u00f3nat, natr\u00edumvetniskarb\u00f3nat. Getur innihaldi\u00a8 sojabaunir, korn sem inniheldur gl\u00faten, hnetur og sinnep.<\/p>","protected":false},"excerpt":{"rendered":"<p>(55%): hafradrykkur (51%) (vatn, hafrar (0,8%)), s\u00fakr\u00f3sa, gl\u00fak\u00f3sas\u00edr\u00f3p, k\u00f3kosol\u00eda, d\u00f6kkir s\u00fakkula\u00a8idropar (5,6%) (sykur, kak\u00f3massi, kak\u00f3smj\u00f6r, \u00d5ruefni: s\u00f3lbl\u00f3malesit\u00edn, n\u00e1tt\u00farulegt vanillubrag\u00a8efni), vatn, malt\u00f3dextr\u00edn, d\u00f6kkt s\u00fakkula\u00a8iduft (0,6%) (kak\u00f3duft, kak\u00f3massi, sykur), dextr\u00f3si, sveifluj\u00f6fnunarefni: met\u00d5lsellul\u00f3sa &#8211; akas\u00edug\u00famm\u00ed &#8211; engisprettur &#8211; g\u00faarg\u00famm\u00ed &#8211; natr\u00edumalg\u00ednat, ertapr\u00f3tein , n\u00e1tt\u00faruleg brag\u00a8efni, sj\u00e1varsalt. K\u00d6KUINNIHALDSEFNI (45%): Hveiti, heilhveiti hafrafl\u00f6gur (9%), sykur, k\u00f3kosol\u00eda, invert sykurs\u00edr\u00f3p, s\u00fakkula\u00a8idropar (2,2%) [&hellip;]<\/p>\n","protected":false},"featured_media":6940,"comment_status":"closed","ping_status":"closed","template":"","meta":{"_acf_changed":false},"product_brand":[],"product_cat":[76,17],"product_tag":[],"class_list":{"0":"post-2888","1":"product","2":"type-product","3":"status-publish","4":"has-post-thumbnail","6":"product_cat-is","7":"product_cat-vegan","9":"first","10":"instock","11":"taxable","12":"shipping-taxable","13":"purchasable","14":"product-type-simple"},"acf":[],"jetpack_sharing_enabled":true,"_links":{"self":[{"href":"https:\/\/kallik.is\/en\/wp-json\/wp\/v2\/product\/2888","targetHints":{"allow":["GET"]}}],"collection":[{"href":"https:\/\/kallik.is\/en\/wp-json\/wp\/v2\/product"}],"about":[{"href":"https:\/\/kallik.is\/en\/wp-json\/wp\/v2\/types\/product"}],"replies":[{"embeddable":true,"href":"https:\/\/kallik.is\/en\/wp-json\/wp\/v2\/comments?post=2888"}],"wp:featuredmedia":[{"embeddable":true,"href":"https:\/\/kallik.is\/en\/wp-json\/wp\/v2\/media\/6940"}],"wp:attachment":[{"href":"https:\/\/kallik.is\/en\/wp-json\/wp\/v2\/media?parent=2888"}],"wp:term":[{"taxonomy":"product_brand","embeddable":true,"href":"https:\/\/kallik.is\/en\/wp-json\/wp\/v2\/product_brand?post=2888"},{"taxonomy":"product_cat","embeddable":true,"href":"https:\/\/kallik.is\/en\/wp-json\/wp\/v2\/product_cat?post=2888"},{"taxonomy":"product_tag","embeddable":true,"href":"https:\/\/kallik.is\/en\/wp-json\/wp\/v2\/product_tag?post=2888"}],"curies":[{"name":"wp","href":"https:\/\/api.w.org\/{rel}","templated":true}]}}