{"id":2880,"date":"2024-01-04T11:43:02","date_gmt":"2024-01-04T11:43:02","guid":{"rendered":"https:\/\/kallik.webdev.is\/product\/verival-spelt-crunchy-6x375g-vegan-lifraent\/"},"modified":"2026-04-30T11:39:00","modified_gmt":"2026-04-30T11:39:00","slug":"verival-spelt-crunchy-6x375g-vegan-lifraent","status":"publish","type":"product","link":"https:\/\/kallik.is\/en\/product\/verival-spelt-crunchy-6x375g-vegan-lifraent\/","title":{"rendered":"Verival Spelt Crunchy 6x375g vegan l\u00edfr\u00e6nt"},"content":{"rendered":"<p><strong>Heilkornaspeltfl\u00f6gur* (hveiti)<\/strong> 58%, reyrsykur*, s\u00f3lbl\u00f3maol\u00eda*, k\u00f3koshnetur*, <strong>heilkornsspeltmj\u00f6l*(hveiti)<\/strong> 6%, heilkorna hr\u00edsgrj\u00f3n*, salt.<\/p>\n<p>Uppruni : ESB<\/p>\n<p>*) L\u00edfr\u00e6nt votta\u00a8<br \/>**) **) Samkv\u00e6mt regluger\u00a8 (ESB) nr. 1169\/2011 skulu innihaldsefni framleidd \u00far korni sem innihalda gl\u00faten vera greinilega merkt me\u00a8 \u00cfeirri korntegund. Spelt er hluti af hveitifj\u00f6lskyldunni.<br \/>AT-BIO-301<\/p>\n<p>Getur innihaldi\u00a8 snefil af hnetum, sesamfr\u00e6jum og soja.<br \/>Pakka\u00a8 \u00ed verndu\u00a8u r\u00d5mi.<br \/>Geymi\u00a8 \u00e1 k\u00f6ldum, \u00cfurrum sta\u00a8.<\/p>","protected":false},"excerpt":{"rendered":"<p>Heilkornaspeltfl\u00f6gur* (hveiti) 58%, reyrsykur*, s\u00f3lbl\u00f3maol\u00eda*, k\u00f3koshnetur*, heilkornsspeltmj\u00f6l*(hveiti) 6%, heilkorna hr\u00edsgrj\u00f3n*, salt. Uppruni : ESB *) L\u00edfr\u00e6nt votta\u00a8**) **) Samkv\u00e6mt regluger\u00a8 (ESB) nr. 1169\/2011 skulu innihaldsefni framleidd \u00far korni sem innihalda gl\u00faten vera greinilega merkt me\u00a8 \u00cfeirri korntegund. Spelt er hluti af hveitifj\u00f6lskyldunni.AT-BIO-301 Getur innihaldi\u00a8 snefil af hnetum, sesamfr\u00e6jum og soja.Pakka\u00a8 \u00ed verndu\u00a8u r\u00d5mi.Geymi\u00a8 \u00e1 k\u00f6ldum, [&hellip;]<\/p>\n","protected":false},"featured_media":6790,"comment_status":"closed","ping_status":"closed","template":"","meta":{"_acf_changed":false},"product_brand":[],"product_cat":[163,17],"product_tag":[],"class_list":{"0":"post-2880","1":"product","2":"type-product","3":"status-publish","4":"has-post-thumbnail","6":"product_cat-morgunkorn","7":"product_cat-vegan","9":"first","10":"instock","11":"taxable","12":"shipping-taxable","13":"purchasable","14":"product-type-simple"},"acf":[],"jetpack_sharing_enabled":true,"_links":{"self":[{"href":"https:\/\/kallik.is\/en\/wp-json\/wp\/v2\/product\/2880","targetHints":{"allow":["GET"]}}],"collection":[{"href":"https:\/\/kallik.is\/en\/wp-json\/wp\/v2\/product"}],"about":[{"href":"https:\/\/kallik.is\/en\/wp-json\/wp\/v2\/types\/product"}],"replies":[{"embeddable":true,"href":"https:\/\/kallik.is\/en\/wp-json\/wp\/v2\/comments?post=2880"}],"wp:featuredmedia":[{"embeddable":true,"href":"https:\/\/kallik.is\/en\/wp-json\/wp\/v2\/media\/6790"}],"wp:attachment":[{"href":"https:\/\/kallik.is\/en\/wp-json\/wp\/v2\/media?parent=2880"}],"wp:term":[{"taxonomy":"product_brand","embeddable":true,"href":"https:\/\/kallik.is\/en\/wp-json\/wp\/v2\/product_brand?post=2880"},{"taxonomy":"product_cat","embeddable":true,"href":"https:\/\/kallik.is\/en\/wp-json\/wp\/v2\/product_cat?post=2880"},{"taxonomy":"product_tag","embeddable":true,"href":"https:\/\/kallik.is\/en\/wp-json\/wp\/v2\/product_tag?post=2880"}],"curies":[{"name":"wp","href":"https:\/\/api.w.org\/{rel}","templated":true}]}}