{"id":2879,"date":"2024-01-04T11:42:59","date_gmt":"2024-01-04T11:42:59","guid":{"rendered":"https:\/\/kallik.webdev.is\/product\/valsoia-salt-karam-ispinnar-6x240g-v\/"},"modified":"2026-03-17T11:26:19","modified_gmt":"2026-03-17T11:26:19","slug":"valsoia-salt-karam-ispinnar-6x240g-v","status":"publish","type":"product","link":"https:\/\/kallik.is\/en\/product\/valsoia-salt-karam-ispinnar-6x240g-v\/","title":{"rendered":"Valsoia Salt karam \u00edspinnar 6x240g V"},"content":{"rendered":"<p>Hafrardrykkur (38%) (vatn, hafrar (0,5%), s\u00fakkula\u00a8i (24%) (kak\u00f3massi, sykur, kak\u00f3smj\u00f6r, \u00d5ruefni: sojalesit\u00edn, n\u00e1tt\u00farulegt vanillubrag\u00a8efni), k\u00f3kosol\u00eda, sykur, gl\u00fak\u00f3sas\u00edr\u00f3p, karamellisera\u00a8ar m\u00f6ndlur (5%) (m\u00f6ndlur, sykur, gl\u00fak\u00f3sas\u00edr\u00f3p), malt\u00f3dextr\u00edn, vatn, dextr\u00f3si, ertupr\u00f3tein, sveifluj\u00f6fnunarefni: met\u00d5lsellul\u00f3sa, arab\u00edskt g\u00famm\u00ed, engisprettur, natr\u00edumalg\u00ednat, g\u00faarg\u00famm\u00ed, sj\u00e1varsalt, n\u00e1tt\u00faruleg brag\u00a8efni, vanillu bourbon \u00cfykkni, karamellusett sykur (0,1%) (sykur, gl\u00fak\u00f3sa-fr\u00fakt\u00f3sas\u00edr\u00f3p, vatn), litir: venjuleg karamella, gulr\u00f3tar\u00cfykkni. Getur innihaldi\u00a8 a\u00a8rar hnetur og anna\u00a8 korn sem inniheldur gl\u00faten.<\/p>","protected":false},"excerpt":{"rendered":"<p>Hafrardrykkur (38%) (vatn, hafrar (0,5%), s\u00fakkula\u00a8i (24%) (kak\u00f3massi, sykur, kak\u00f3smj\u00f6r, \u00d5ruefni: sojalesit\u00edn, n\u00e1tt\u00farulegt vanillubrag\u00a8efni), k\u00f3kosol\u00eda, sykur, gl\u00fak\u00f3sas\u00edr\u00f3p, karamellisera\u00a8ar m\u00f6ndlur (5%) (m\u00f6ndlur, sykur, gl\u00fak\u00f3sas\u00edr\u00f3p), malt\u00f3dextr\u00edn, vatn, dextr\u00f3si, ertupr\u00f3tein, sveifluj\u00f6fnunarefni: met\u00d5lsellul\u00f3sa, arab\u00edskt g\u00famm\u00ed, engisprettur, natr\u00edumalg\u00ednat, g\u00faarg\u00famm\u00ed, sj\u00e1varsalt, n\u00e1tt\u00faruleg brag\u00a8efni, vanillu bourbon \u00cfykkni, karamellusett sykur (0,1%) (sykur, gl\u00fak\u00f3sa-fr\u00fakt\u00f3sas\u00edr\u00f3p, vatn), litir: venjuleg karamella, gulr\u00f3tar\u00cfykkni. Getur innihaldi\u00a8 a\u00a8rar hnetur og [&hellip;]<\/p>\n","protected":false},"featured_media":6789,"comment_status":"closed","ping_status":"closed","template":"","meta":{"_acf_changed":false},"product_brand":[],"product_cat":[17],"product_tag":[],"class_list":{"0":"post-2879","1":"product","2":"type-product","3":"status-publish","4":"has-post-thumbnail","6":"product_cat-vegan","8":"first","9":"outofstock","10":"taxable","11":"shipping-taxable","12":"purchasable","13":"product-type-simple"},"acf":[],"jetpack_sharing_enabled":true,"_links":{"self":[{"href":"https:\/\/kallik.is\/en\/wp-json\/wp\/v2\/product\/2879","targetHints":{"allow":["GET"]}}],"collection":[{"href":"https:\/\/kallik.is\/en\/wp-json\/wp\/v2\/product"}],"about":[{"href":"https:\/\/kallik.is\/en\/wp-json\/wp\/v2\/types\/product"}],"replies":[{"embeddable":true,"href":"https:\/\/kallik.is\/en\/wp-json\/wp\/v2\/comments?post=2879"}],"wp:featuredmedia":[{"embeddable":true,"href":"https:\/\/kallik.is\/en\/wp-json\/wp\/v2\/media\/6789"}],"wp:attachment":[{"href":"https:\/\/kallik.is\/en\/wp-json\/wp\/v2\/media?parent=2879"}],"wp:term":[{"taxonomy":"product_brand","embeddable":true,"href":"https:\/\/kallik.is\/en\/wp-json\/wp\/v2\/product_brand?post=2879"},{"taxonomy":"product_cat","embeddable":true,"href":"https:\/\/kallik.is\/en\/wp-json\/wp\/v2\/product_cat?post=2879"},{"taxonomy":"product_tag","embeddable":true,"href":"https:\/\/kallik.is\/en\/wp-json\/wp\/v2\/product_tag?post=2879"}],"curies":[{"name":"wp","href":"https:\/\/api.w.org\/{rel}","templated":true}]}}