{"id":2877,"date":"2024-01-04T11:42:52","date_gmt":"2024-01-04T11:42:52","guid":{"rendered":"https:\/\/kallik.webdev.is\/product\/valsoia-mondlu-isp-m-sukkuladih-6x320ml-v\/"},"modified":"2026-03-11T14:28:46","modified_gmt":"2026-03-11T14:28:46","slug":"valsoia-mondlu-isp-m-sukkuladih-6x320ml-v","status":"publish","type":"product","link":"https:\/\/kallik.is\/en\/product\/valsoia-mondlu-isp-m-sukkuladih-6x320ml-v\/","title":{"rendered":"Valsoia M\u00f6ndlu \u00edsp. m\/s\u00fakkula\u00f0ih 6x320ml V"},"content":{"rendered":"<p>M\u00f6ndlumj\u00f3lk (vatn, brennt m\u00f6ndlumauk), s\u00e6tt s\u00fakkula\u00a8i me\u00a8 k\u00f3kosol\u00eduh\u00fa\u00a8 (s\u00fakkula\u00a8iv\u00edn, sykur, k\u00f3kosol\u00eda, kak\u00f3smj\u00f6r, sojalesit\u00edn, n\u00e1tt\u00farulegt vanillubrag\u00a8efni), sykur, k\u00f3kosol\u00eda, gl\u00fak\u00f3sas\u00edr\u00f3p, malt\u00f3dextr\u00edn, dextr\u00f3sa, ertapr\u00f3tein , met\u00d5lsellul\u00f3sa, arab\u00edskt g\u00famm\u00ed, kar\u00f3bang\u00famm\u00ed, g\u00faarg\u00famm\u00ed, sj\u00e1varsalt, n\u00e1tt\u00farulegt brag\u00a8efni. Inniheldur m\u00f6ndlur, k\u00f3kos og soja. Getur innihaldi\u00a8 a\u00a8rar trj\u00e1hnetur.<\/p>","protected":false},"excerpt":{"rendered":"<p>M\u00f6ndlumj\u00f3lk (vatn, brennt m\u00f6ndlumauk), s\u00e6tt s\u00fakkula\u00a8i me\u00a8 k\u00f3kosol\u00eduh\u00fa\u00a8 (s\u00fakkula\u00a8iv\u00edn, sykur, k\u00f3kosol\u00eda, kak\u00f3smj\u00f6r, sojalesit\u00edn, n\u00e1tt\u00farulegt vanillubrag\u00a8efni), sykur, k\u00f3kosol\u00eda, gl\u00fak\u00f3sas\u00edr\u00f3p, malt\u00f3dextr\u00edn, dextr\u00f3sa, ertapr\u00f3tein , met\u00d5lsellul\u00f3sa, arab\u00edskt g\u00famm\u00ed, kar\u00f3bang\u00famm\u00ed, g\u00faarg\u00famm\u00ed, sj\u00e1varsalt, n\u00e1tt\u00farulegt brag\u00a8efni. Inniheldur m\u00f6ndlur, k\u00f3kos og soja. Getur innihaldi\u00a8 a\u00a8rar trj\u00e1hnetur.<\/p>","protected":false},"featured_media":6787,"comment_status":"closed","ping_status":"closed","template":"","meta":{"_acf_changed":false},"product_brand":[],"product_cat":[17],"product_tag":[],"class_list":{"0":"post-2877","1":"product","2":"type-product","3":"status-publish","4":"has-post-thumbnail","6":"product_cat-vegan","8":"first","9":"outofstock","10":"taxable","11":"shipping-taxable","12":"purchasable","13":"product-type-simple"},"acf":[],"jetpack_sharing_enabled":true,"_links":{"self":[{"href":"https:\/\/kallik.is\/en\/wp-json\/wp\/v2\/product\/2877","targetHints":{"allow":["GET"]}}],"collection":[{"href":"https:\/\/kallik.is\/en\/wp-json\/wp\/v2\/product"}],"about":[{"href":"https:\/\/kallik.is\/en\/wp-json\/wp\/v2\/types\/product"}],"replies":[{"embeddable":true,"href":"https:\/\/kallik.is\/en\/wp-json\/wp\/v2\/comments?post=2877"}],"wp:featuredmedia":[{"embeddable":true,"href":"https:\/\/kallik.is\/en\/wp-json\/wp\/v2\/media\/6787"}],"wp:attachment":[{"href":"https:\/\/kallik.is\/en\/wp-json\/wp\/v2\/media?parent=2877"}],"wp:term":[{"taxonomy":"product_brand","embeddable":true,"href":"https:\/\/kallik.is\/en\/wp-json\/wp\/v2\/product_brand?post=2877"},{"taxonomy":"product_cat","embeddable":true,"href":"https:\/\/kallik.is\/en\/wp-json\/wp\/v2\/product_cat?post=2877"},{"taxonomy":"product_tag","embeddable":true,"href":"https:\/\/kallik.is\/en\/wp-json\/wp\/v2\/product_tag?post=2877"}],"curies":[{"name":"wp","href":"https:\/\/api.w.org\/{rel}","templated":true}]}}