{"id":2876,"date":"2024-01-04T11:42:50","date_gmt":"2024-01-04T11:42:50","guid":{"rendered":"https:\/\/kallik.webdev.is\/product\/schnitzer-organic-hamburger-buns-5x50g\/"},"modified":"2026-04-29T15:59:24","modified_gmt":"2026-04-29T15:59:24","slug":"schnitzer-organic-hamburger-buns-5x50g","status":"publish","type":"product","link":"https:\/\/kallik.is\/en\/product\/schnitzer-organic-hamburger-buns-5x50g\/","title":{"rendered":"Schnitzer Organic Hamburger buns 5x50g"},"content":{"rendered":"<p>Ma\u00edssterkja * 29%, vatn, n\u00e1tt\u00farulegt hr\u00edsgrj\u00f3nas\u00fardeig * (hr\u00edsgrj\u00f3namj\u00f6l *, vatn), hr\u00edsgrj\u00f3namj\u00f6l *, sesamfr\u00e6 * 6%, heil egg * , tap\u00ed\u00f3ka sterkja *, reyrsykur *, gl\u00fak\u00f3sas\u00edr\u00f3p *, s\u00f3lbl\u00f3maol\u00eda *, psyllium h\u00d5\u00a8i *, ertupr\u00f3tein *, ger *, sj\u00e1varsalt, \u00cfykkingarefni: g\u00faarg\u00famm\u00ed *, xantang\u00famm\u00ed, krydd *<\/p>\n<p>* \u00far l\u00edfr\u00e6nni r\u00e6ktun, DE- \u00d6KO-003<\/p>","protected":false},"excerpt":{"rendered":"<p>Ma\u00edssterkja * 29%, vatn, n\u00e1tt\u00farulegt hr\u00edsgrj\u00f3nas\u00fardeig * (hr\u00edsgrj\u00f3namj\u00f6l *, vatn), hr\u00edsgrj\u00f3namj\u00f6l *, sesamfr\u00e6 * 6%, heil egg * , tap\u00ed\u00f3ka sterkja *, reyrsykur *, gl\u00fak\u00f3sas\u00edr\u00f3p *, s\u00f3lbl\u00f3maol\u00eda *, psyllium h\u00d5\u00a8i *, ertupr\u00f3tein *, ger *, sj\u00e1varsalt, \u00cfykkingarefni: g\u00faarg\u00famm\u00ed *, xantang\u00famm\u00ed, krydd * * \u00far l\u00edfr\u00e6nni r\u00e6ktun, DE- \u00d6KO-003<\/p>","protected":false},"featured_media":6786,"comment_status":"closed","ping_status":"closed","template":"","meta":{"_acf_changed":false},"product_brand":[],"product_cat":[166,173],"product_tag":[],"class_list":{"0":"post-2876","1":"product","2":"type-product","3":"status-publish","4":"has-post-thumbnail","6":"product_cat-braud","7":"product_cat-glutenlaust","9":"first","10":"instock","11":"taxable","12":"shipping-taxable","13":"purchasable","14":"product-type-simple"},"acf":[],"jetpack_sharing_enabled":true,"_links":{"self":[{"href":"https:\/\/kallik.is\/en\/wp-json\/wp\/v2\/product\/2876","targetHints":{"allow":["GET"]}}],"collection":[{"href":"https:\/\/kallik.is\/en\/wp-json\/wp\/v2\/product"}],"about":[{"href":"https:\/\/kallik.is\/en\/wp-json\/wp\/v2\/types\/product"}],"replies":[{"embeddable":true,"href":"https:\/\/kallik.is\/en\/wp-json\/wp\/v2\/comments?post=2876"}],"wp:featuredmedia":[{"embeddable":true,"href":"https:\/\/kallik.is\/en\/wp-json\/wp\/v2\/media\/6786"}],"wp:attachment":[{"href":"https:\/\/kallik.is\/en\/wp-json\/wp\/v2\/media?parent=2876"}],"wp:term":[{"taxonomy":"product_brand","embeddable":true,"href":"https:\/\/kallik.is\/en\/wp-json\/wp\/v2\/product_brand?post=2876"},{"taxonomy":"product_cat","embeddable":true,"href":"https:\/\/kallik.is\/en\/wp-json\/wp\/v2\/product_cat?post=2876"},{"taxonomy":"product_tag","embeddable":true,"href":"https:\/\/kallik.is\/en\/wp-json\/wp\/v2\/product_tag?post=2876"}],"curies":[{"name":"wp","href":"https:\/\/api.w.org\/{rel}","templated":true}]}}