{"id":2875,"date":"2024-01-04T11:42:47","date_gmt":"2024-01-04T11:42:47","guid":{"rendered":"https:\/\/kallik.webdev.is\/product\/schnitzer-organic-grissini-sesame-8x100gr\/"},"modified":"2026-04-29T15:59:16","modified_gmt":"2026-04-29T15:59:16","slug":"schnitzer-organic-grissini-sesame-8x100gr","status":"publish","type":"product","link":"https:\/\/kallik.is\/en\/product\/schnitzer-organic-grissini-sesame-8x100gr\/","title":{"rendered":"Schnitzer Organic Grissini Sesame 8x100gr"},"content":{"rendered":"<p>69% kart\u00f6flusterkja, ma\u00edsmj\u00f6l*, s\u00f3lbl\u00f3maol\u00eda*, sesamfr\u00e6 * 4% , sojamj\u00f6l*, dextr\u00f3si*, sj\u00e1varsalt, ger *, \u00cfykkingarefni: guarg\u00famm\u00ed *, lyftiduft* (maissterkja*, s\u00d5ruefni : kal\u00edumtartrat, lyftiefni: b\u00edkarb\u00f3nat \u00far s\u00f3da), \u00d5ruefni: sojalesit\u00edn*<\/p>\n<p>* l\u00edfr\u00e6nt r\u00e6kta\u00a8 hr\u00e1efni, DE-\u00d6KO-003<\/p>","protected":false},"excerpt":{"rendered":"<p>69% kart\u00f6flusterkja, ma\u00edsmj\u00f6l*, s\u00f3lbl\u00f3maol\u00eda*, sesamfr\u00e6 * 4% , sojamj\u00f6l*, dextr\u00f3si*, sj\u00e1varsalt, ger *, \u00cfykkingarefni: guarg\u00famm\u00ed *, lyftiduft* (maissterkja*, s\u00d5ruefni : kal\u00edumtartrat, lyftiefni: b\u00edkarb\u00f3nat \u00far s\u00f3da), \u00d5ruefni: sojalesit\u00edn* * l\u00edfr\u00e6nt r\u00e6kta\u00a8 hr\u00e1efni, DE-\u00d6KO-003<\/p>","protected":false},"featured_media":6785,"comment_status":"closed","ping_status":"closed","template":"","meta":{"_acf_changed":false},"product_brand":[],"product_cat":[166,173],"product_tag":[],"class_list":{"0":"post-2875","1":"product","2":"type-product","3":"status-publish","4":"has-post-thumbnail","6":"product_cat-braud","7":"product_cat-glutenlaust","9":"first","10":"instock","11":"taxable","12":"shipping-taxable","13":"purchasable","14":"product-type-simple"},"acf":[],"jetpack_sharing_enabled":true,"_links":{"self":[{"href":"https:\/\/kallik.is\/en\/wp-json\/wp\/v2\/product\/2875","targetHints":{"allow":["GET"]}}],"collection":[{"href":"https:\/\/kallik.is\/en\/wp-json\/wp\/v2\/product"}],"about":[{"href":"https:\/\/kallik.is\/en\/wp-json\/wp\/v2\/types\/product"}],"replies":[{"embeddable":true,"href":"https:\/\/kallik.is\/en\/wp-json\/wp\/v2\/comments?post=2875"}],"wp:featuredmedia":[{"embeddable":true,"href":"https:\/\/kallik.is\/en\/wp-json\/wp\/v2\/media\/6785"}],"wp:attachment":[{"href":"https:\/\/kallik.is\/en\/wp-json\/wp\/v2\/media?parent=2875"}],"wp:term":[{"taxonomy":"product_brand","embeddable":true,"href":"https:\/\/kallik.is\/en\/wp-json\/wp\/v2\/product_brand?post=2875"},{"taxonomy":"product_cat","embeddable":true,"href":"https:\/\/kallik.is\/en\/wp-json\/wp\/v2\/product_cat?post=2875"},{"taxonomy":"product_tag","embeddable":true,"href":"https:\/\/kallik.is\/en\/wp-json\/wp\/v2\/product_tag?post=2875"}],"curies":[{"name":"wp","href":"https:\/\/api.w.org\/{rel}","templated":true}]}}