{"id":2872,"date":"2024-01-04T11:42:38","date_gmt":"2024-01-04T11:42:38","guid":{"rendered":"https:\/\/kallik.webdev.is\/product\/schnitzer-organic-classic-baguette-x2-6x360gr-gf\/"},"modified":"2026-04-29T15:59:14","modified_gmt":"2026-04-29T15:59:14","slug":"schnitzer-organic-classic-baguette-x2-6x360gr-gf","status":"publish","type":"product","link":"https:\/\/kallik.is\/en\/product\/schnitzer-organic-classic-baguette-x2-6x360gr-gf\/","title":{"rendered":"Schnitzer Organic Classic Baguette x2 6x360gr GF"},"content":{"rendered":"<p>Vatn, 28% ma\u00edssterkja*, n\u00e1tt\u00farulegt hr\u00edsgrj\u00f3nas\u00fardeig* (hr\u00edsgrj\u00f3namj\u00f6l*, vatn), hirsifl\u00f6gur*, h\u00f6rfr\u00e6mj\u00f6l*, s\u00f3lbl\u00f3maol\u00eda*, 3% ma\u00edsmj\u00f6l*, hr\u00edsgrj\u00f3namj\u00f6l*, psylliumfr\u00e6h\u00d5\u00a8i*, baunapr\u00f3tein* , dextr\u00f3sa*, sj\u00e1varsalt, ger*, \u00cfykkingarefni: g\u00faarg\u00famm\u00ed*, xantang\u00famm\u00ed, krydd*.<\/p>\n<p>* \u00far l\u00edfr\u00e6nni r\u00e6ktun, DE-\u00d6KO-003<\/p>","protected":false},"excerpt":{"rendered":"<p>Vatn, 28% ma\u00edssterkja*, n\u00e1tt\u00farulegt hr\u00edsgrj\u00f3nas\u00fardeig* (hr\u00edsgrj\u00f3namj\u00f6l*, vatn), hirsifl\u00f6gur*, h\u00f6rfr\u00e6mj\u00f6l*, s\u00f3lbl\u00f3maol\u00eda*, 3% ma\u00edsmj\u00f6l*, hr\u00edsgrj\u00f3namj\u00f6l*, psylliumfr\u00e6h\u00d5\u00a8i*, baunapr\u00f3tein* , dextr\u00f3sa*, sj\u00e1varsalt, ger*, \u00cfykkingarefni: g\u00faarg\u00famm\u00ed*, xantang\u00famm\u00ed, krydd*. * \u00far l\u00edfr\u00e6nni r\u00e6ktun, DE-\u00d6KO-003<\/p>","protected":false},"featured_media":6782,"comment_status":"closed","ping_status":"closed","template":"","meta":{"_acf_changed":false},"product_brand":[],"product_cat":[166,173],"product_tag":[],"class_list":{"0":"post-2872","1":"product","2":"type-product","3":"status-publish","4":"has-post-thumbnail","6":"product_cat-braud","7":"product_cat-glutenlaust","9":"first","10":"instock","11":"taxable","12":"shipping-taxable","13":"purchasable","14":"product-type-simple"},"acf":[],"jetpack_sharing_enabled":true,"_links":{"self":[{"href":"https:\/\/kallik.is\/en\/wp-json\/wp\/v2\/product\/2872","targetHints":{"allow":["GET"]}}],"collection":[{"href":"https:\/\/kallik.is\/en\/wp-json\/wp\/v2\/product"}],"about":[{"href":"https:\/\/kallik.is\/en\/wp-json\/wp\/v2\/types\/product"}],"replies":[{"embeddable":true,"href":"https:\/\/kallik.is\/en\/wp-json\/wp\/v2\/comments?post=2872"}],"wp:featuredmedia":[{"embeddable":true,"href":"https:\/\/kallik.is\/en\/wp-json\/wp\/v2\/media\/6782"}],"wp:attachment":[{"href":"https:\/\/kallik.is\/en\/wp-json\/wp\/v2\/media?parent=2872"}],"wp:term":[{"taxonomy":"product_brand","embeddable":true,"href":"https:\/\/kallik.is\/en\/wp-json\/wp\/v2\/product_brand?post=2872"},{"taxonomy":"product_cat","embeddable":true,"href":"https:\/\/kallik.is\/en\/wp-json\/wp\/v2\/product_cat?post=2872"},{"taxonomy":"product_tag","embeddable":true,"href":"https:\/\/kallik.is\/en\/wp-json\/wp\/v2\/product_tag?post=2872"}],"curies":[{"name":"wp","href":"https:\/\/api.w.org\/{rel}","templated":true}]}}