{"id":2871,"date":"2024-01-04T11:42:35","date_gmt":"2024-01-04T11:42:35","guid":{"rendered":"https:\/\/kallik.webdev.is\/product\/schnitzer-organic-focaccia-2x2-stk-6x220gr-gf-v\/"},"modified":"2026-04-29T13:55:48","modified_gmt":"2026-04-29T13:55:48","slug":"schnitzer-organic-focaccia-2x2-stk-6x220gr-gf-v","status":"publish","type":"product","link":"https:\/\/kallik.is\/en\/product\/schnitzer-organic-focaccia-2x2-stk-6x220gr-gf-v\/","title":{"rendered":"Schnitzer Organic Focaccia 2&#215;2 stk 6x220gr GF V"},"content":{"rendered":"<p>Vatn, 41% ma\u00edssterkja*, n\u00e1tt\u00farulegt hr\u00edsgrj\u00f3nas\u00fardeig* (hr\u00edsgrj\u00f3namj\u00f6l*, vatn), s\u00f3lbl\u00f3maol\u00eda*, 3% ma\u00edsmj\u00f6l*, psylliumfr\u00e6h\u00d5\u00a8i*, baunapr\u00f3tein*, h\u00f6rfr\u00e6mj\u00f6l*, ger*, dextr\u00f3si*, sj\u00f3r salt, eplakl\u00ed\u00a8*, \u00cfykkingarefni: g\u00faarg\u00famm\u00ed*, xantang\u00famm\u00ed; 0,1% jurtir*.<\/p>\n<p><\/p>\n<p>* l\u00edfr\u00e6nt r\u00e6kta\u00a8 hr\u00e1efni, DE-\u00d6KO-003<\/p>","protected":false},"excerpt":{"rendered":"<p>Vatn, 41% ma\u00edssterkja*, n\u00e1tt\u00farulegt hr\u00edsgrj\u00f3nas\u00fardeig* (hr\u00edsgrj\u00f3namj\u00f6l*, vatn), s\u00f3lbl\u00f3maol\u00eda*, 3% ma\u00edsmj\u00f6l*, psylliumfr\u00e6h\u00d5\u00a8i*, baunapr\u00f3tein*, h\u00f6rfr\u00e6mj\u00f6l*, ger*, dextr\u00f3si*, sj\u00f3r salt, eplakl\u00ed\u00a8*, \u00cfykkingarefni: g\u00faarg\u00famm\u00ed*, xantang\u00famm\u00ed; 0,1% jurtir*. * l\u00edfr\u00e6nt r\u00e6kta\u00a8 hr\u00e1efni, DE-\u00d6KO-003<\/p>","protected":false},"featured_media":6781,"comment_status":"closed","ping_status":"closed","template":"","meta":{"_acf_changed":false},"product_brand":[],"product_cat":[166,173],"product_tag":[],"class_list":{"0":"post-2871","1":"product","2":"type-product","3":"status-publish","4":"has-post-thumbnail","6":"product_cat-braud","7":"product_cat-glutenlaust","9":"first","10":"instock","11":"taxable","12":"shipping-taxable","13":"purchasable","14":"product-type-simple"},"acf":[],"jetpack_sharing_enabled":true,"_links":{"self":[{"href":"https:\/\/kallik.is\/en\/wp-json\/wp\/v2\/product\/2871","targetHints":{"allow":["GET"]}}],"collection":[{"href":"https:\/\/kallik.is\/en\/wp-json\/wp\/v2\/product"}],"about":[{"href":"https:\/\/kallik.is\/en\/wp-json\/wp\/v2\/types\/product"}],"replies":[{"embeddable":true,"href":"https:\/\/kallik.is\/en\/wp-json\/wp\/v2\/comments?post=2871"}],"wp:featuredmedia":[{"embeddable":true,"href":"https:\/\/kallik.is\/en\/wp-json\/wp\/v2\/media\/6781"}],"wp:attachment":[{"href":"https:\/\/kallik.is\/en\/wp-json\/wp\/v2\/media?parent=2871"}],"wp:term":[{"taxonomy":"product_brand","embeddable":true,"href":"https:\/\/kallik.is\/en\/wp-json\/wp\/v2\/product_brand?post=2871"},{"taxonomy":"product_cat","embeddable":true,"href":"https:\/\/kallik.is\/en\/wp-json\/wp\/v2\/product_cat?post=2871"},{"taxonomy":"product_tag","embeddable":true,"href":"https:\/\/kallik.is\/en\/wp-json\/wp\/v2\/product_tag?post=2871"}],"curies":[{"name":"wp","href":"https:\/\/api.w.org\/{rel}","templated":true}]}}