{"id":2863,"date":"2024-01-04T11:42:10","date_gmt":"2024-01-04T11:42:10","guid":{"rendered":"https:\/\/kallik.webdev.is\/product\/rudehealth-oat-barista-nytt-v-6x1ltr\/"},"modified":"2026-01-13T12:58:19","modified_gmt":"2026-01-13T12:58:19","slug":"rudehealth-oat-barista-nytt-v-6x1ltr","status":"publish","type":"product","link":"https:\/\/kallik.is\/en\/product\/rudehealth-oat-barista-nytt-v-6x1ltr\/","title":{"rendered":"Rude Health Oat Barista n\u00fdtt V 6x1ltr"},"content":{"rendered":"<p>Vatn, gl\u00fatenlausir hafrar (13%), s\u00f3lbl\u00f3maol\u00eda, sj\u00e1varsalt, gellan g\u00famm\u00ed<\/p>","protected":false},"excerpt":{"rendered":"<p>Vatn, gl\u00fatenlausir hafrar (13%), s\u00f3lbl\u00f3maol\u00eda, sj\u00e1varsalt, gellan g\u00famm\u00ed<\/p>","protected":false},"featured_media":6773,"comment_status":"closed","ping_status":"closed","template":"","meta":{"_acf_changed":false},"product_brand":[],"product_cat":[143,17],"product_tag":[],"class_list":{"0":"post-2863","1":"product","2":"type-product","3":"status-publish","4":"has-post-thumbnail","6":"product_cat-jurtamjolkrjomi","7":"product_cat-vegan","9":"first","10":"outofstock","11":"taxable","12":"shipping-taxable","13":"purchasable","14":"product-type-simple"},"acf":[],"jetpack_sharing_enabled":true,"_links":{"self":[{"href":"https:\/\/kallik.is\/en\/wp-json\/wp\/v2\/product\/2863","targetHints":{"allow":["GET"]}}],"collection":[{"href":"https:\/\/kallik.is\/en\/wp-json\/wp\/v2\/product"}],"about":[{"href":"https:\/\/kallik.is\/en\/wp-json\/wp\/v2\/types\/product"}],"replies":[{"embeddable":true,"href":"https:\/\/kallik.is\/en\/wp-json\/wp\/v2\/comments?post=2863"}],"wp:featuredmedia":[{"embeddable":true,"href":"https:\/\/kallik.is\/en\/wp-json\/wp\/v2\/media\/6773"}],"wp:attachment":[{"href":"https:\/\/kallik.is\/en\/wp-json\/wp\/v2\/media?parent=2863"}],"wp:term":[{"taxonomy":"product_brand","embeddable":true,"href":"https:\/\/kallik.is\/en\/wp-json\/wp\/v2\/product_brand?post=2863"},{"taxonomy":"product_cat","embeddable":true,"href":"https:\/\/kallik.is\/en\/wp-json\/wp\/v2\/product_cat?post=2863"},{"taxonomy":"product_tag","embeddable":true,"href":"https:\/\/kallik.is\/en\/wp-json\/wp\/v2\/product_tag?post=2863"}],"curies":[{"name":"wp","href":"https:\/\/api.w.org\/{rel}","templated":true}]}}