{"id":2862,"date":"2024-04-11T11:42:07","date_gmt":"2024-04-11T11:42:07","guid":{"rendered":"https:\/\/kallik.webdev.is\/product\/rudehealth-almond-barista-v-6x1ltr\/"},"modified":"2026-04-29T15:59:13","modified_gmt":"2026-04-29T15:59:13","slug":"rudehealth-almond-barista-v-6x1ltr","status":"publish","type":"product","link":"https:\/\/kallik.is\/en\/product\/rudehealth-almond-barista-v-6x1ltr\/","title":{"rendered":"Rude Health Almond Barista V 6x1ltr"},"content":{"rendered":"<p>Vatn, gl\u00fatenlausir hafrar (13%), m\u00f6ndlur (2%), s\u00f3lbl\u00f3maol\u00eda, sj\u00e1varsalt, gellan gum.<\/p>","protected":false},"excerpt":{"rendered":"<p>Vatn, gl\u00fatenlausir hafrar (13%), m\u00f6ndlur (2%), s\u00f3lbl\u00f3maol\u00eda, sj\u00e1varsalt, gellan gum.<\/p>","protected":false},"featured_media":8453,"comment_status":"closed","ping_status":"closed","template":"","meta":{"_acf_changed":false},"product_brand":[],"product_cat":[143,17],"product_tag":[],"class_list":{"0":"post-2862","1":"product","2":"type-product","3":"status-publish","4":"has-post-thumbnail","6":"product_cat-jurtamjolkrjomi","7":"product_cat-vegan","9":"first","10":"instock","11":"taxable","12":"shipping-taxable","13":"purchasable","14":"product-type-simple"},"acf":[],"jetpack_sharing_enabled":true,"_links":{"self":[{"href":"https:\/\/kallik.is\/en\/wp-json\/wp\/v2\/product\/2862","targetHints":{"allow":["GET"]}}],"collection":[{"href":"https:\/\/kallik.is\/en\/wp-json\/wp\/v2\/product"}],"about":[{"href":"https:\/\/kallik.is\/en\/wp-json\/wp\/v2\/types\/product"}],"replies":[{"embeddable":true,"href":"https:\/\/kallik.is\/en\/wp-json\/wp\/v2\/comments?post=2862"}],"wp:featuredmedia":[{"embeddable":true,"href":"https:\/\/kallik.is\/en\/wp-json\/wp\/v2\/media\/8453"}],"wp:attachment":[{"href":"https:\/\/kallik.is\/en\/wp-json\/wp\/v2\/media?parent=2862"}],"wp:term":[{"taxonomy":"product_brand","embeddable":true,"href":"https:\/\/kallik.is\/en\/wp-json\/wp\/v2\/product_brand?post=2862"},{"taxonomy":"product_cat","embeddable":true,"href":"https:\/\/kallik.is\/en\/wp-json\/wp\/v2\/product_cat?post=2862"},{"taxonomy":"product_tag","embeddable":true,"href":"https:\/\/kallik.is\/en\/wp-json\/wp\/v2\/product_tag?post=2862"}],"curies":[{"name":"wp","href":"https:\/\/api.w.org\/{rel}","templated":true}]}}