{"id":2860,"date":"2024-01-04T11:42:00","date_gmt":"2024-01-04T11:42:00","guid":{"rendered":"https:\/\/kallik.webdev.is\/product\/rudehealth-soy-barista-6x1000ml\/"},"modified":"2026-04-30T10:43:57","modified_gmt":"2026-04-30T10:43:57","slug":"rudehealth-soy-barista-6x1000ml","status":"publish","type":"product","link":"https:\/\/kallik.is\/en\/product\/rudehealth-soy-barista-6x1000ml\/","title":{"rendered":"Rude Health Soy Barista 6x1000ml"},"content":{"rendered":"<p>Vatn, sojabaunir (12%), hr\u00edsgrj\u00f3nas\u00edr\u00f3p*, sj\u00e1varsalt.<br \/>*Hentar sem hluti af hollu matar\u00e6\u00a8i fyrir fullor\u00a8na og b\u00f6rn fr\u00e1 5 \u00e1ra og upp\u00far.*<\/p>","protected":false},"excerpt":{"rendered":"<p>Vatn, sojabaunir (12%), hr\u00edsgrj\u00f3nas\u00edr\u00f3p*, sj\u00e1varsalt.*Hentar sem hluti af hollu matar\u00e6\u00a8i fyrir fullor\u00a8na og b\u00f6rn fr\u00e1 5 \u00e1ra og upp\u00far.*<\/p>","protected":false},"featured_media":8452,"comment_status":"closed","ping_status":"closed","template":"","meta":{"_acf_changed":false},"product_brand":[],"product_cat":[143,17],"product_tag":[],"class_list":{"0":"post-2860","1":"product","2":"type-product","3":"status-publish","4":"has-post-thumbnail","6":"product_cat-jurtamjolkrjomi","7":"product_cat-vegan","9":"first","10":"instock","11":"taxable","12":"shipping-taxable","13":"purchasable","14":"product-type-simple"},"acf":[],"jetpack_sharing_enabled":true,"_links":{"self":[{"href":"https:\/\/kallik.is\/en\/wp-json\/wp\/v2\/product\/2860","targetHints":{"allow":["GET"]}}],"collection":[{"href":"https:\/\/kallik.is\/en\/wp-json\/wp\/v2\/product"}],"about":[{"href":"https:\/\/kallik.is\/en\/wp-json\/wp\/v2\/types\/product"}],"replies":[{"embeddable":true,"href":"https:\/\/kallik.is\/en\/wp-json\/wp\/v2\/comments?post=2860"}],"wp:featuredmedia":[{"embeddable":true,"href":"https:\/\/kallik.is\/en\/wp-json\/wp\/v2\/media\/8452"}],"wp:attachment":[{"href":"https:\/\/kallik.is\/en\/wp-json\/wp\/v2\/media?parent=2860"}],"wp:term":[{"taxonomy":"product_brand","embeddable":true,"href":"https:\/\/kallik.is\/en\/wp-json\/wp\/v2\/product_brand?post=2860"},{"taxonomy":"product_cat","embeddable":true,"href":"https:\/\/kallik.is\/en\/wp-json\/wp\/v2\/product_cat?post=2860"},{"taxonomy":"product_tag","embeddable":true,"href":"https:\/\/kallik.is\/en\/wp-json\/wp\/v2\/product_tag?post=2860"}],"curies":[{"name":"wp","href":"https:\/\/api.w.org\/{rel}","templated":true}]}}