{"id":2856,"date":"2024-01-04T11:41:48","date_gmt":"2024-01-04T11:41:48","guid":{"rendered":"https:\/\/kallik.webdev.is\/product\/rudehealth-coconut-drink-organic-v-6x1ltr\/"},"modified":"2026-04-30T11:38:57","modified_gmt":"2026-04-30T11:38:57","slug":"rudehealth-coconut-drink-organic-v-6x1ltr","status":"publish","type":"product","link":"https:\/\/kallik.is\/en\/product\/rudehealth-coconut-drink-organic-v-6x1ltr\/","title":{"rendered":"Rude Health Coconut Drink Organic V 6x1ltr"},"content":{"rendered":"<p>Uppsprettuvatn, L\u00edfr\u00e6n hr\u00edsgrj\u00f3n*, L\u00edfr\u00e6n k\u00f3kosmj\u00f3lk (7,5%), Sj\u00e1varsalt.<br \/>*Hentar sem hluti af hollt matar\u00e6\u00a8i fyrir fullor\u00a8na og b\u00f6rn fr\u00e1 5 \u00e1ra og upp\u00far.*<\/p>","protected":false},"excerpt":{"rendered":"<p>Uppsprettuvatn, L\u00edfr\u00e6n hr\u00edsgrj\u00f3n*, L\u00edfr\u00e6n k\u00f3kosmj\u00f3lk (7,5%), Sj\u00e1varsalt.*Hentar sem hluti af hollt matar\u00e6\u00a8i fyrir fullor\u00a8na og b\u00f6rn fr\u00e1 5 \u00e1ra og upp\u00far.*<\/p>","protected":false},"featured_media":8457,"comment_status":"closed","ping_status":"closed","template":"","meta":{"_acf_changed":false},"product_brand":[],"product_cat":[143,17],"product_tag":[],"class_list":{"0":"post-2856","1":"product","2":"type-product","3":"status-publish","4":"has-post-thumbnail","6":"product_cat-jurtamjolkrjomi","7":"product_cat-vegan","9":"first","10":"outofstock","11":"taxable","12":"shipping-taxable","13":"purchasable","14":"product-type-simple"},"acf":[],"jetpack_sharing_enabled":true,"_links":{"self":[{"href":"https:\/\/kallik.is\/en\/wp-json\/wp\/v2\/product\/2856","targetHints":{"allow":["GET"]}}],"collection":[{"href":"https:\/\/kallik.is\/en\/wp-json\/wp\/v2\/product"}],"about":[{"href":"https:\/\/kallik.is\/en\/wp-json\/wp\/v2\/types\/product"}],"replies":[{"embeddable":true,"href":"https:\/\/kallik.is\/en\/wp-json\/wp\/v2\/comments?post=2856"}],"wp:featuredmedia":[{"embeddable":true,"href":"https:\/\/kallik.is\/en\/wp-json\/wp\/v2\/media\/8457"}],"wp:attachment":[{"href":"https:\/\/kallik.is\/en\/wp-json\/wp\/v2\/media?parent=2856"}],"wp:term":[{"taxonomy":"product_brand","embeddable":true,"href":"https:\/\/kallik.is\/en\/wp-json\/wp\/v2\/product_brand?post=2856"},{"taxonomy":"product_cat","embeddable":true,"href":"https:\/\/kallik.is\/en\/wp-json\/wp\/v2\/product_cat?post=2856"},{"taxonomy":"product_tag","embeddable":true,"href":"https:\/\/kallik.is\/en\/wp-json\/wp\/v2\/product_tag?post=2856"}],"curies":[{"name":"wp","href":"https:\/\/api.w.org\/{rel}","templated":true}]}}