{"id":2854,"date":"2024-01-04T11:41:43","date_gmt":"2024-01-04T11:41:43","guid":{"rendered":"https:\/\/kallik.webdev.is\/product\/rudehealth-ultimate-almond-6x1ltr-org-v\/"},"modified":"2026-04-29T15:59:08","modified_gmt":"2026-04-29T15:59:08","slug":"rudehealth-ultimate-almond-6x1ltr-org-v","status":"publish","type":"product","link":"https:\/\/kallik.is\/en\/product\/rudehealth-ultimate-almond-6x1ltr-org-v\/","title":{"rendered":"Rude Health Ultimate Almond 6x1ltr Org V"},"content":{"rendered":"<p>vatn, l\u00edfr\u00e6nar m\u00f6ndlur (6%) .<\/p>","protected":false},"excerpt":{"rendered":"<p>vatn, l\u00edfr\u00e6nar m\u00f6ndlur (6%) .<\/p>","protected":false},"featured_media":8455,"comment_status":"closed","ping_status":"closed","template":"","meta":{"_acf_changed":false},"product_brand":[],"product_cat":[143,17],"product_tag":[],"class_list":{"0":"post-2854","1":"product","2":"type-product","3":"status-publish","4":"has-post-thumbnail","6":"product_cat-jurtamjolkrjomi","7":"product_cat-vegan","9":"first","10":"instock","11":"taxable","12":"shipping-taxable","13":"purchasable","14":"product-type-simple"},"acf":[],"jetpack_sharing_enabled":true,"_links":{"self":[{"href":"https:\/\/kallik.is\/en\/wp-json\/wp\/v2\/product\/2854","targetHints":{"allow":["GET"]}}],"collection":[{"href":"https:\/\/kallik.is\/en\/wp-json\/wp\/v2\/product"}],"about":[{"href":"https:\/\/kallik.is\/en\/wp-json\/wp\/v2\/types\/product"}],"replies":[{"embeddable":true,"href":"https:\/\/kallik.is\/en\/wp-json\/wp\/v2\/comments?post=2854"}],"wp:featuredmedia":[{"embeddable":true,"href":"https:\/\/kallik.is\/en\/wp-json\/wp\/v2\/media\/8455"}],"wp:attachment":[{"href":"https:\/\/kallik.is\/en\/wp-json\/wp\/v2\/media?parent=2854"}],"wp:term":[{"taxonomy":"product_brand","embeddable":true,"href":"https:\/\/kallik.is\/en\/wp-json\/wp\/v2\/product_brand?post=2854"},{"taxonomy":"product_cat","embeddable":true,"href":"https:\/\/kallik.is\/en\/wp-json\/wp\/v2\/product_cat?post=2854"},{"taxonomy":"product_tag","embeddable":true,"href":"https:\/\/kallik.is\/en\/wp-json\/wp\/v2\/product_tag?post=2854"}],"curies":[{"name":"wp","href":"https:\/\/api.w.org\/{rel}","templated":true}]}}