{"id":2845,"date":"2024-01-04T11:41:13","date_gmt":"2024-01-04T11:41:13","guid":{"rendered":"https:\/\/kallik.webdev.is\/product\/moma-almond-butter-salted-carmel-pot-12x55g\/"},"modified":"2026-04-29T12:21:34","modified_gmt":"2026-04-29T12:21:34","slug":"moma-almond-butter-salted-carmel-pot-12x55g","status":"publish","type":"product","link":"https:\/\/kallik.is\/en\/product\/moma-almond-butter-salted-carmel-pot-12x55g\/","title":{"rendered":"MOMA Almond Butter &amp; Salted carmel POT 12x55g"},"content":{"rendered":"<p>Heilkorn <strong>gl\u00fateinlausir hafrar<\/strong> (62%), rista\u00a8ar mala\u00a8ar <strong>m\u00f6ndlur<\/strong> (14%), d\u00f6\u00a8lur (14%) (d\u00f6\u00a8lur, hr\u00edsgrj\u00f3namj\u00f6l), sykur, rista\u00a8ir <strong>m\u00f6ndlubitar<\/strong> (3%), sj\u00e1varsalt (1%), n\u00e1tt\u00farulegt brag\u00a8efni.<\/p>\n<p>Ofn\u00e6misr\u00e1\u00a8: Fyrir ofn\u00e6misvalda sj\u00e1 innihaldsefnin feitletru\u00a8. Pakka\u00a8 \u00ed verksmi\u00a8ju sem s\u00e9r um jar\u00a8hnetur, hnetur og mj\u00f3lk. Hentar fyrir gr\u00e6nmetis\u00e6tur og vegan.<\/p>","protected":false},"excerpt":{"rendered":"<p>Heilkorn gl\u00fateinlausir hafrar (62%), rista\u00a8ar mala\u00a8ar m\u00f6ndlur (14%), d\u00f6\u00a8lur (14%) (d\u00f6\u00a8lur, hr\u00edsgrj\u00f3namj\u00f6l), sykur, rista\u00a8ir m\u00f6ndlubitar (3%), sj\u00e1varsalt (1%), n\u00e1tt\u00farulegt brag\u00a8efni. Ofn\u00e6misr\u00e1\u00a8: Fyrir ofn\u00e6misvalda sj\u00e1 innihaldsefnin feitletru\u00a8. Pakka\u00a8 \u00ed verksmi\u00a8ju sem s\u00e9r um jar\u00a8hnetur, hnetur og mj\u00f3lk. Hentar fyrir gr\u00e6nmetis\u00e6tur og vegan.<\/p>","protected":false},"featured_media":19477,"comment_status":"closed","ping_status":"closed","template":"","meta":{"_acf_changed":false},"product_brand":[],"product_cat":[173,163,17],"product_tag":[],"class_list":{"0":"post-2845","1":"product","2":"type-product","3":"status-publish","4":"has-post-thumbnail","6":"product_cat-glutenlaust","7":"product_cat-morgunkorn","8":"product_cat-vegan","10":"first","11":"instock","12":"taxable","13":"shipping-taxable","14":"purchasable","15":"product-type-simple"},"acf":[],"jetpack_sharing_enabled":true,"_links":{"self":[{"href":"https:\/\/kallik.is\/en\/wp-json\/wp\/v2\/product\/2845","targetHints":{"allow":["GET"]}}],"collection":[{"href":"https:\/\/kallik.is\/en\/wp-json\/wp\/v2\/product"}],"about":[{"href":"https:\/\/kallik.is\/en\/wp-json\/wp\/v2\/types\/product"}],"replies":[{"embeddable":true,"href":"https:\/\/kallik.is\/en\/wp-json\/wp\/v2\/comments?post=2845"}],"wp:featuredmedia":[{"embeddable":true,"href":"https:\/\/kallik.is\/en\/wp-json\/wp\/v2\/media\/19477"}],"wp:attachment":[{"href":"https:\/\/kallik.is\/en\/wp-json\/wp\/v2\/media?parent=2845"}],"wp:term":[{"taxonomy":"product_brand","embeddable":true,"href":"https:\/\/kallik.is\/en\/wp-json\/wp\/v2\/product_brand?post=2845"},{"taxonomy":"product_cat","embeddable":true,"href":"https:\/\/kallik.is\/en\/wp-json\/wp\/v2\/product_cat?post=2845"},{"taxonomy":"product_tag","embeddable":true,"href":"https:\/\/kallik.is\/en\/wp-json\/wp\/v2\/product_tag?post=2845"}],"curies":[{"name":"wp","href":"https:\/\/api.w.org\/{rel}","templated":true}]}}