{"id":2841,"date":"2024-01-04T11:41:01","date_gmt":"2024-01-04T11:41:01","guid":{"rendered":"https:\/\/kallik.webdev.is\/product\/moving-mountains-chicken-nuggets-10-stk-i-ks\/"},"modified":"2026-04-17T08:57:37","modified_gmt":"2026-04-17T08:57:37","slug":"moving-mountains-chicken-nuggets-10-stk-i-ks","status":"publish","type":"product","link":"https:\/\/kallik.is\/en\/product\/moving-mountains-chicken-nuggets-10-stk-i-ks\/","title":{"rendered":"Moving Mountains Chicken nuggets 10 stk \u00ed ks"},"content":{"rendered":"<p>Vatn, gr\u00e6nmeti (ostrusveppir, sveppir, laukur), k\u00f3kosol\u00eda, jurtapr\u00f3tein (5,9% sojapr\u00f3tein, 2,1% sojapr\u00f3teinisolat, 1,4% ertapr\u00f3teinisolat), hveitigl\u00faten, n\u00e1tt\u00farulegt brag\u00f0efni, hveitisterkja, hafratrefjar, \u00feykkingarefni ( met\u00fdlsellul\u00f3sa), byggmaltsey\u00f0i, eplaedik, litarefni (rau\u00f0r\u00f3fur), salt, rotvarnarefni (mj\u00f3lkurs\u00fdra), v\u00edtam\u00edn B12.<\/p>","protected":false},"excerpt":{"rendered":"<p>Vatn, gr\u00e6nmeti (ostrusveppir, sveppir, laukur), k\u00f3kosol\u00eda, jurtapr\u00f3tein (5,9% sojapr\u00f3tein, 2,1% sojapr\u00f3teinisolat, 1,4% ertapr\u00f3teinisolat), hveitigl\u00faten, n\u00e1tt\u00farulegt brag\u00f0efni, hveitisterkja, hafratrefjar, \u00feykkingarefni ( met\u00fdlsellul\u00f3sa), byggmaltsey\u00f0i, eplaedik, litarefni (rau\u00f0r\u00f3fur), salt, rotvarnarefni (mj\u00f3lkurs\u00fdra), v\u00edtam\u00edn B12.<\/p>","protected":false},"featured_media":6752,"comment_status":"closed","ping_status":"closed","template":"","meta":{"_acf_changed":false},"product_brand":[],"product_cat":[17],"product_tag":[],"class_list":{"0":"post-2841","1":"product","2":"type-product","3":"status-publish","4":"has-post-thumbnail","6":"product_cat-vegan","8":"first","9":"outofstock","10":"taxable","11":"shipping-taxable","12":"purchasable","13":"product-type-simple"},"acf":[],"jetpack_sharing_enabled":true,"_links":{"self":[{"href":"https:\/\/kallik.is\/en\/wp-json\/wp\/v2\/product\/2841","targetHints":{"allow":["GET"]}}],"collection":[{"href":"https:\/\/kallik.is\/en\/wp-json\/wp\/v2\/product"}],"about":[{"href":"https:\/\/kallik.is\/en\/wp-json\/wp\/v2\/types\/product"}],"replies":[{"embeddable":true,"href":"https:\/\/kallik.is\/en\/wp-json\/wp\/v2\/comments?post=2841"}],"wp:featuredmedia":[{"embeddable":true,"href":"https:\/\/kallik.is\/en\/wp-json\/wp\/v2\/media\/6752"}],"wp:attachment":[{"href":"https:\/\/kallik.is\/en\/wp-json\/wp\/v2\/media?parent=2841"}],"wp:term":[{"taxonomy":"product_brand","embeddable":true,"href":"https:\/\/kallik.is\/en\/wp-json\/wp\/v2\/product_brand?post=2841"},{"taxonomy":"product_cat","embeddable":true,"href":"https:\/\/kallik.is\/en\/wp-json\/wp\/v2\/product_cat?post=2841"},{"taxonomy":"product_tag","embeddable":true,"href":"https:\/\/kallik.is\/en\/wp-json\/wp\/v2\/product_tag?post=2841"}],"curies":[{"name":"wp","href":"https:\/\/api.w.org\/{rel}","templated":true}]}}