{"id":2840,"date":"2024-01-04T11:40:57","date_gmt":"2024-01-04T11:40:57","guid":{"rendered":"https:\/\/kallik.webdev.is\/product\/moving-mountains-chicken-burger-2x90g\/"},"modified":"2026-04-28T12:28:48","modified_gmt":"2026-04-28T12:28:48","slug":"moving-mountains-chicken-burger-2x90g","status":"publish","type":"product","link":"https:\/\/kallik.is\/en\/product\/moving-mountains-chicken-burger-2x90g\/","title":{"rendered":"Moving Mountains Chicken burger 2x90g"},"content":{"rendered":"<p>Vatn, hveiti (<strong>hveiti<\/strong>), 12% gr\u00e6nmetispr\u00f3tein (<strong>soja\u00cfykkni<\/strong>, <strong>soja<\/strong><br \/>einangra\u00a8), s\u00f3lbl\u00f3maol\u00eda, 5% \u00e1fer\u00a8armiki\u00a8 pl\u00f6ntupr\u00f3tein (gl\u00faten (hveiti),<br \/>sterkja (<strong>hveiti<\/strong>), baunapr\u00f3tein), sterkja (ma\u00eds, <strong>hveiti<\/strong>), n\u00e1tt\u00farulegt brag\u00a8efni,<br \/>\u00cfykkingarefni (met\u00d5lsellul\u00f3sa, sellul\u00f3sa), f\u00e6\u00a8utrefjar (sykurreyr), salt,<br \/>ger, malt\u00f3dextr\u00edn, krydd, sykur, gl\u00fak\u00f3sas\u00edr\u00f3p, ger\u00cfykkni,<br \/>papriku\u00cfykkni.<\/p>\n<p>Fyrir ofn\u00e6misvalda sj\u00e1 innihaldsefni <strong>feitletru\u00a8<\/strong>.<\/p>\n<p>Fullkominn valkostur \u00ed sta\u00a8inn fyrir kj\u00faklinginn &#8211; No Chicken Borgarinn okkar er l\u00edka pr\u00f3teinr\u00edkur og k\u00f3lester\u00f3llaus. Settu saman kj\u00faklingaborgarann ??\u00cfinn me\u00a8 salati, t\u00f3m\u00f6tum, vegan maj\u00f3 og sterkri buffal\u00f3s\u00f3su fyrir ep\u00edskan kj\u00faklingaborgara.<\/p>","protected":false},"excerpt":{"rendered":"<p>Vatn, hveiti (hveiti), 12% gr\u00e6nmetispr\u00f3tein (soja\u00cfykkni, sojaeinangra\u00a8), s\u00f3lbl\u00f3maol\u00eda, 5% \u00e1fer\u00a8armiki\u00a8 pl\u00f6ntupr\u00f3tein (gl\u00faten (hveiti),sterkja (hveiti), baunapr\u00f3tein), sterkja (ma\u00eds, hveiti), n\u00e1tt\u00farulegt brag\u00a8efni,\u00cfykkingarefni (met\u00d5lsellul\u00f3sa, sellul\u00f3sa), f\u00e6\u00a8utrefjar (sykurreyr), salt,ger, malt\u00f3dextr\u00edn, krydd, sykur, gl\u00fak\u00f3sas\u00edr\u00f3p, ger\u00cfykkni,papriku\u00cfykkni. Fyrir ofn\u00e6misvalda sj\u00e1 innihaldsefni feitletru\u00a8. Fullkominn valkostur \u00ed sta\u00a8inn fyrir kj\u00faklinginn &#8211; No Chicken Borgarinn okkar er l\u00edka pr\u00f3teinr\u00edkur og k\u00f3lester\u00f3llaus. Settu saman kj\u00faklingaborgarann ??\u00cfinn [&hellip;]<\/p>\n","protected":false},"featured_media":6751,"comment_status":"closed","ping_status":"closed","template":"","meta":{"_acf_changed":false},"product_brand":[],"product_cat":[17],"product_tag":[],"class_list":{"0":"post-2840","1":"product","2":"type-product","3":"status-publish","4":"has-post-thumbnail","6":"product_cat-vegan","8":"first","9":"instock","10":"taxable","11":"shipping-taxable","12":"purchasable","13":"product-type-simple"},"acf":[],"jetpack_sharing_enabled":true,"_links":{"self":[{"href":"https:\/\/kallik.is\/en\/wp-json\/wp\/v2\/product\/2840","targetHints":{"allow":["GET"]}}],"collection":[{"href":"https:\/\/kallik.is\/en\/wp-json\/wp\/v2\/product"}],"about":[{"href":"https:\/\/kallik.is\/en\/wp-json\/wp\/v2\/types\/product"}],"replies":[{"embeddable":true,"href":"https:\/\/kallik.is\/en\/wp-json\/wp\/v2\/comments?post=2840"}],"wp:featuredmedia":[{"embeddable":true,"href":"https:\/\/kallik.is\/en\/wp-json\/wp\/v2\/media\/6751"}],"wp:attachment":[{"href":"https:\/\/kallik.is\/en\/wp-json\/wp\/v2\/media?parent=2840"}],"wp:term":[{"taxonomy":"product_brand","embeddable":true,"href":"https:\/\/kallik.is\/en\/wp-json\/wp\/v2\/product_brand?post=2840"},{"taxonomy":"product_cat","embeddable":true,"href":"https:\/\/kallik.is\/en\/wp-json\/wp\/v2\/product_cat?post=2840"},{"taxonomy":"product_tag","embeddable":true,"href":"https:\/\/kallik.is\/en\/wp-json\/wp\/v2\/product_tag?post=2840"}],"curies":[{"name":"wp","href":"https:\/\/api.w.org\/{rel}","templated":true}]}}