{"id":2838,"date":"2024-01-04T11:40:51","date_gmt":"2024-01-04T11:40:51","guid":{"rendered":"https:\/\/kallik.webdev.is\/product\/moving-mountains-chicken-burger-125g-horeca\/"},"modified":"2026-01-14T11:16:03","modified_gmt":"2026-01-14T11:16:03","slug":"moving-mountains-chicken-burger-125g-horeca","status":"publish","type":"product","link":"https:\/\/kallik.is\/en\/product\/moving-mountains-chicken-burger-125g-horeca\/","title":{"rendered":"Moving Mountains Chicken burger 125g Horeca"},"content":{"rendered":"<p>Vatn, hveiti (<strong>hveiti<\/strong>), 12% gr\u00e6nmetispr\u00f3tein (<strong>soja\u00feykkni<\/strong>, <strong>soja<\/strong><br \/>einangra\u00f0), s\u00f3lbl\u00f3maol\u00eda, 5% \u00e1fer\u00f0armiki\u00f0 pl\u00f6ntupr\u00f3tein (gl\u00faten (hveiti),<br \/>sterkja (<strong>hveiti<\/strong>), baunapr\u00f3tein), sterkja (ma\u00eds, <strong>hveiti<\/strong>), n\u00e1tt\u00farulegt brag\u00f0efni,<br \/>\u00feykkingarefni (met\u00fdlsellul\u00f3sa, sellul\u00f3sa), f\u00e6\u00f0utrefjar (sykurreyr), salt,<br \/>ger, malt\u00f3dextr\u00edn, krydd, sykur, gl\u00fak\u00f3sas\u00edr\u00f3p, ger\u00feykkni,<br \/>papriku\u00feykkni.<\/p>\n<p>Fyrir ofn\u00e6misvalda sj\u00e1 innihaldsefni <strong>feitletru\u00f0<\/strong>.<\/p>\n<p>Fullkominn valkostur \u00ed sta\u00f0inn fyrir kj\u00faklinginn &#8211; No Chicken Borgarinn okkar er l\u00edka pr\u00f3teinr\u00edkur og k\u00f3lester\u00f3llaus. Settu saman kj\u00faklingaborgarann ??\u00feinn me\u00f0 salati, t\u00f3m\u00f6tum, vegan maj\u00f3 og sterkri buffal\u00f3s\u00f3su fyrir ep\u00edskan kj\u00faklingaborgara.<\/p>","protected":false},"excerpt":{"rendered":"<p>Vatn, hveiti (hveiti), 12% gr\u00e6nmetispr\u00f3tein (soja\u00feykkni, sojaeinangra\u00f0), s\u00f3lbl\u00f3maol\u00eda, 5% \u00e1fer\u00f0armiki\u00f0 pl\u00f6ntupr\u00f3tein (gl\u00faten (hveiti),sterkja (hveiti), baunapr\u00f3tein), sterkja (ma\u00eds, hveiti), n\u00e1tt\u00farulegt brag\u00f0efni,\u00feykkingarefni (met\u00fdlsellul\u00f3sa, sellul\u00f3sa), f\u00e6\u00f0utrefjar (sykurreyr), salt,ger, malt\u00f3dextr\u00edn, krydd, sykur, gl\u00fak\u00f3sas\u00edr\u00f3p, ger\u00feykkni,papriku\u00feykkni. Fyrir ofn\u00e6misvalda sj\u00e1 innihaldsefni feitletru\u00f0. Fullkominn valkostur \u00ed sta\u00f0inn fyrir kj\u00faklinginn &#8211; No Chicken Borgarinn okkar er l\u00edka pr\u00f3teinr\u00edkur og k\u00f3lester\u00f3llaus. Settu saman kj\u00faklingaborgarann ??\u00feinn [&hellip;]<\/p>\n","protected":false},"featured_media":6749,"comment_status":"closed","ping_status":"closed","template":"","meta":{"_acf_changed":false},"product_brand":[],"product_cat":[17],"product_tag":[],"class_list":{"0":"post-2838","1":"product","2":"type-product","3":"status-publish","4":"has-post-thumbnail","6":"product_cat-vegan","8":"first","9":"outofstock","10":"taxable","11":"shipping-taxable","12":"purchasable","13":"product-type-simple"},"acf":[],"jetpack_sharing_enabled":true,"_links":{"self":[{"href":"https:\/\/kallik.is\/en\/wp-json\/wp\/v2\/product\/2838","targetHints":{"allow":["GET"]}}],"collection":[{"href":"https:\/\/kallik.is\/en\/wp-json\/wp\/v2\/product"}],"about":[{"href":"https:\/\/kallik.is\/en\/wp-json\/wp\/v2\/types\/product"}],"replies":[{"embeddable":true,"href":"https:\/\/kallik.is\/en\/wp-json\/wp\/v2\/comments?post=2838"}],"wp:featuredmedia":[{"embeddable":true,"href":"https:\/\/kallik.is\/en\/wp-json\/wp\/v2\/media\/6749"}],"wp:attachment":[{"href":"https:\/\/kallik.is\/en\/wp-json\/wp\/v2\/media?parent=2838"}],"wp:term":[{"taxonomy":"product_brand","embeddable":true,"href":"https:\/\/kallik.is\/en\/wp-json\/wp\/v2\/product_brand?post=2838"},{"taxonomy":"product_cat","embeddable":true,"href":"https:\/\/kallik.is\/en\/wp-json\/wp\/v2\/product_cat?post=2838"},{"taxonomy":"product_tag","embeddable":true,"href":"https:\/\/kallik.is\/en\/wp-json\/wp\/v2\/product_tag?post=2838"}],"curies":[{"name":"wp","href":"https:\/\/api.w.org\/{rel}","templated":true}]}}