{"id":2837,"date":"2024-01-04T11:40:47","date_gmt":"2024-01-04T11:40:47","guid":{"rendered":"https:\/\/kallik.webdev.is\/product\/moving-mountains-meatballs-6x300g\/"},"modified":"2026-04-29T15:59:05","modified_gmt":"2026-04-29T15:59:05","slug":"moving-mountains-meatballs-6x300g","status":"publish","type":"product","link":"https:\/\/kallik.is\/en\/product\/moving-mountains-meatballs-6x300g\/","title":{"rendered":"Moving Mountains Meatballs 6x300g"},"content":{"rendered":"<p>Vatn, ostrusveppir, jurtaol\u00eda (k\u00f3kos, s\u00f3lbl\u00f3maol\u00eda), gr\u00e6nmetispr\u00f3tein (sojapr\u00f3tein\u00cfykkni, sojapr\u00f3teinisolat, ertupr\u00f3teinisolat), hr\u00edsgrj\u00f3n, hveitigl\u00faten, sterkja (hveiti), \u00cfykkingarefni (met\u00d5lsellul\u00f3sa, natr\u00edumalg\u00ednat), n\u00e1tt\u00farulegt brag\u00a8efni , Hafratrefjar, sj\u00e1varsalt, dextr\u00f3saeinh\u00d5drat, edik, s\u00edtr\u00f3nusafi, byggmaltsey\u00a8i, rotvarnarefni (mj\u00f3lkurs\u00d5ra), litarefni (rau\u00a8r\u00f3fur), B12 v\u00edtam\u00edn.<\/p>","protected":false},"excerpt":{"rendered":"<p>Vatn, ostrusveppir, jurtaol\u00eda (k\u00f3kos, s\u00f3lbl\u00f3maol\u00eda), gr\u00e6nmetispr\u00f3tein (sojapr\u00f3tein\u00cfykkni, sojapr\u00f3teinisolat, ertupr\u00f3teinisolat), hr\u00edsgrj\u00f3n, hveitigl\u00faten, sterkja (hveiti), \u00cfykkingarefni (met\u00d5lsellul\u00f3sa, natr\u00edumalg\u00ednat), n\u00e1tt\u00farulegt brag\u00a8efni , Hafratrefjar, sj\u00e1varsalt, dextr\u00f3saeinh\u00d5drat, edik, s\u00edtr\u00f3nusafi, byggmaltsey\u00a8i, rotvarnarefni (mj\u00f3lkurs\u00d5ra), litarefni (rau\u00a8r\u00f3fur), B12 v\u00edtam\u00edn.<\/p>","protected":false},"featured_media":6748,"comment_status":"closed","ping_status":"closed","template":"","meta":{"_acf_changed":false},"product_brand":[],"product_cat":[17],"product_tag":[],"class_list":{"0":"post-2837","1":"product","2":"type-product","3":"status-publish","4":"has-post-thumbnail","6":"product_cat-vegan","8":"first","9":"instock","10":"taxable","11":"shipping-taxable","12":"purchasable","13":"product-type-simple"},"acf":[],"jetpack_sharing_enabled":true,"_links":{"self":[{"href":"https:\/\/kallik.is\/en\/wp-json\/wp\/v2\/product\/2837","targetHints":{"allow":["GET"]}}],"collection":[{"href":"https:\/\/kallik.is\/en\/wp-json\/wp\/v2\/product"}],"about":[{"href":"https:\/\/kallik.is\/en\/wp-json\/wp\/v2\/types\/product"}],"replies":[{"embeddable":true,"href":"https:\/\/kallik.is\/en\/wp-json\/wp\/v2\/comments?post=2837"}],"wp:featuredmedia":[{"embeddable":true,"href":"https:\/\/kallik.is\/en\/wp-json\/wp\/v2\/media\/6748"}],"wp:attachment":[{"href":"https:\/\/kallik.is\/en\/wp-json\/wp\/v2\/media?parent=2837"}],"wp:term":[{"taxonomy":"product_brand","embeddable":true,"href":"https:\/\/kallik.is\/en\/wp-json\/wp\/v2\/product_brand?post=2837"},{"taxonomy":"product_cat","embeddable":true,"href":"https:\/\/kallik.is\/en\/wp-json\/wp\/v2\/product_cat?post=2837"},{"taxonomy":"product_tag","embeddable":true,"href":"https:\/\/kallik.is\/en\/wp-json\/wp\/v2\/product_tag?post=2837"}],"curies":[{"name":"wp","href":"https:\/\/api.w.org\/{rel}","templated":true}]}}