{"id":2832,"date":"2024-01-04T11:40:32","date_gmt":"2024-01-04T11:40:32","guid":{"rendered":"https:\/\/kallik.webdev.is\/product\/schlagfix-sukkuladi-sprautu-rjomi-12x200-ml-vegan\/"},"modified":"2026-04-29T15:59:04","modified_gmt":"2026-04-29T15:59:04","slug":"schlagfix-sukkuladi-sprautu-rjomi-12x200-ml-vegan","status":"publish","type":"product","link":"https:\/\/kallik.is\/en\/product\/schlagfix-sukkuladi-sprautu-rjomi-12x200-ml-vegan\/","title":{"rendered":"Schlagfix s\u00fakkula\u00f0i sprauturj\u00f3mi 12&#215;200 ml vegan"},"content":{"rendered":"<p>Vatn, p\u00e1lmakjarnaol\u00eda (hert) 15%, sykur 9%, kak\u00f3duft 3,4%, dextrose,<br \/>Rakaefni: sorbit\u00f3l, \u00d5ruefni: d\u00edaset\u00d5lv\u00edns\u00d5rugl\u00d5ser\u00ed\u00a8, p\u00f3l\u00d5sorbat 60;<br \/>St\u00f6\u00a8ugleiki: h\u00d5drox\u00d5pr\u00f3p\u00d5lmet\u00d5lsellul\u00f3sa, sterkja (kart\u00f6flur), salt, s\u00fakkula\u00a8ibrag\u00a8efni,<br \/>Drifefni: Tv\u00edniturox\u00ed\u00a8<\/p>","protected":false},"excerpt":{"rendered":"<p>Vatn, p\u00e1lmakjarnaol\u00eda (hert) 15%, sykur 9%, kak\u00f3duft 3,4%, dextrose,Rakaefni: sorbit\u00f3l, \u00d5ruefni: d\u00edaset\u00d5lv\u00edns\u00d5rugl\u00d5ser\u00ed\u00a8, p\u00f3l\u00d5sorbat 60;St\u00f6\u00a8ugleiki: h\u00d5drox\u00d5pr\u00f3p\u00d5lmet\u00d5lsellul\u00f3sa, sterkja (kart\u00f6flur), salt, s\u00fakkula\u00a8ibrag\u00a8efni,Drifefni: Tv\u00edniturox\u00ed\u00a8<\/p>","protected":false},"featured_media":6743,"comment_status":"closed","ping_status":"closed","template":"","meta":{"_acf_changed":false},"product_brand":[],"product_cat":[143,17],"product_tag":[],"class_list":{"0":"post-2832","1":"product","2":"type-product","3":"status-publish","4":"has-post-thumbnail","6":"product_cat-jurtamjolkrjomi","7":"product_cat-vegan","9":"first","10":"instock","11":"taxable","12":"shipping-taxable","13":"purchasable","14":"product-type-simple"},"acf":[],"jetpack_sharing_enabled":true,"_links":{"self":[{"href":"https:\/\/kallik.is\/en\/wp-json\/wp\/v2\/product\/2832","targetHints":{"allow":["GET"]}}],"collection":[{"href":"https:\/\/kallik.is\/en\/wp-json\/wp\/v2\/product"}],"about":[{"href":"https:\/\/kallik.is\/en\/wp-json\/wp\/v2\/types\/product"}],"replies":[{"embeddable":true,"href":"https:\/\/kallik.is\/en\/wp-json\/wp\/v2\/comments?post=2832"}],"wp:featuredmedia":[{"embeddable":true,"href":"https:\/\/kallik.is\/en\/wp-json\/wp\/v2\/media\/6743"}],"wp:attachment":[{"href":"https:\/\/kallik.is\/en\/wp-json\/wp\/v2\/media?parent=2832"}],"wp:term":[{"taxonomy":"product_brand","embeddable":true,"href":"https:\/\/kallik.is\/en\/wp-json\/wp\/v2\/product_brand?post=2832"},{"taxonomy":"product_cat","embeddable":true,"href":"https:\/\/kallik.is\/en\/wp-json\/wp\/v2\/product_cat?post=2832"},{"taxonomy":"product_tag","embeddable":true,"href":"https:\/\/kallik.is\/en\/wp-json\/wp\/v2\/product_tag?post=2832"}],"curies":[{"name":"wp","href":"https:\/\/api.w.org\/{rel}","templated":true}]}}