{"id":2831,"date":"2024-01-04T11:40:29","date_gmt":"2024-01-04T11:40:29","guid":{"rendered":"https:\/\/kallik.webdev.is\/product\/schlagfix-mascarpone-6x250gr\/"},"modified":"2026-04-15T12:08:31","modified_gmt":"2026-04-15T12:08:31","slug":"schlagfix-mascarpone-6x250gr","status":"publish","type":"product","link":"https:\/\/kallik.is\/en\/product\/schlagfix-mascarpone-6x250gr\/","title":{"rendered":"Schlagfix Mascarpone Vegan 6x250gr"},"content":{"rendered":"<p>Vatn, hert k\u00f3kosfita (17%), k\u00f3kosfita (8%), kart\u00f6flusterkja, malt\u00f3dextr\u00edn,<br \/>Hr\u00edsgrj\u00f3naduft (\u00cfurrka\u00a8 hr\u00edsgrj\u00f3nas\u00edr\u00f3p, hr\u00edsgrj\u00f3nsterkja, hr\u00edsgrj\u00f3namj\u00f6l), kart\u00f6flupr\u00f3tein,<br \/>\u00d0ykkingarefni: engisprettur; Fleytiefni: m\u00f3n\u00f3- og tv\u00edgl\u00d5ser\u00ed\u00a8 af<br \/>fitus\u00d5rur; Brag\u00a8efni, s\u00d5ruefni: s\u00edtr\u00f3nus\u00d5ra<\/p>","protected":false},"excerpt":{"rendered":"<p>Vatn, hert k\u00f3kosfita (17%), k\u00f3kosfita (8%), kart\u00f6flusterkja, malt\u00f3dextr\u00edn,Hr\u00edsgrj\u00f3naduft (\u00cfurrka\u00a8 hr\u00edsgrj\u00f3nas\u00edr\u00f3p, hr\u00edsgrj\u00f3nsterkja, hr\u00edsgrj\u00f3namj\u00f6l), kart\u00f6flupr\u00f3tein,\u00d0ykkingarefni: engisprettur; Fleytiefni: m\u00f3n\u00f3- og tv\u00edgl\u00d5ser\u00ed\u00a8 affitus\u00d5rur; Brag\u00a8efni, s\u00d5ruefni: s\u00edtr\u00f3nus\u00d5ra<\/p>","protected":false},"featured_media":6742,"comment_status":"closed","ping_status":"closed","template":"","meta":{"_acf_changed":false},"product_brand":[],"product_cat":[17,143],"product_tag":[],"class_list":{"0":"post-2831","1":"product","2":"type-product","3":"status-publish","4":"has-post-thumbnail","6":"product_cat-vegan","7":"product_cat-jurtamjolkrjomi","9":"first","10":"outofstock","11":"taxable","12":"shipping-taxable","13":"purchasable","14":"product-type-simple"},"acf":[],"jetpack_sharing_enabled":true,"_links":{"self":[{"href":"https:\/\/kallik.is\/en\/wp-json\/wp\/v2\/product\/2831","targetHints":{"allow":["GET"]}}],"collection":[{"href":"https:\/\/kallik.is\/en\/wp-json\/wp\/v2\/product"}],"about":[{"href":"https:\/\/kallik.is\/en\/wp-json\/wp\/v2\/types\/product"}],"replies":[{"embeddable":true,"href":"https:\/\/kallik.is\/en\/wp-json\/wp\/v2\/comments?post=2831"}],"wp:featuredmedia":[{"embeddable":true,"href":"https:\/\/kallik.is\/en\/wp-json\/wp\/v2\/media\/6742"}],"wp:attachment":[{"href":"https:\/\/kallik.is\/en\/wp-json\/wp\/v2\/media?parent=2831"}],"wp:term":[{"taxonomy":"product_brand","embeddable":true,"href":"https:\/\/kallik.is\/en\/wp-json\/wp\/v2\/product_brand?post=2831"},{"taxonomy":"product_cat","embeddable":true,"href":"https:\/\/kallik.is\/en\/wp-json\/wp\/v2\/product_cat?post=2831"},{"taxonomy":"product_tag","embeddable":true,"href":"https:\/\/kallik.is\/en\/wp-json\/wp\/v2\/product_tag?post=2831"}],"curies":[{"name":"wp","href":"https:\/\/api.w.org\/{rel}","templated":true}]}}