{"id":2830,"date":"2024-01-04T11:40:26","date_gmt":"2024-01-04T11:40:26","guid":{"rendered":"https:\/\/kallik.webdev.is\/product\/schlagfix-rjomi-saetur-12x1000-ml-vegan\/"},"modified":"2026-02-10T14:02:49","modified_gmt":"2026-02-10T14:02:49","slug":"schlagfix-rjomi-saetur-12x1000-ml-vegan","status":"publish","type":"product","link":"https:\/\/kallik.is\/en\/product\/schlagfix-rjomi-saetur-12x1000-ml-vegan\/","title":{"rendered":"Schlagfix rj\u00f3mi s\u00e6tur 12&#215;1000 ml Vegan"},"content":{"rendered":"<p>Vatn, p\u00e1lmakjarnaol\u00eda (hert) 25%, sykur 12%, \u00d5ruefni: p\u00f3l\u00d5sorbat 60,<br \/>m\u00f3n\u00f3- og tv\u00edgl\u00d5ser\u00ed\u00a8, fj\u00f6lgl\u00d5ser\u00f3l esterar; sterkja, sveifluj\u00f6fnunarefni: h\u00d5drox\u00d5lpr\u00f3p\u00d5l sellul\u00f3sa;<br \/>H\u00d5drox\u00d5lpr\u00f3p\u00d5lmet\u00d5lsellul\u00f3sa, karbox\u00d5met\u00d5lsellul\u00f3sa; Dextrose, salt, brag\u00a8efni<\/p>","protected":false},"excerpt":{"rendered":"<p>Vatn, p\u00e1lmakjarnaol\u00eda (hert) 25%, sykur 12%, \u00d5ruefni: p\u00f3l\u00d5sorbat 60,m\u00f3n\u00f3- og tv\u00edgl\u00d5ser\u00ed\u00a8, fj\u00f6lgl\u00d5ser\u00f3l esterar; sterkja, sveifluj\u00f6fnunarefni: h\u00d5drox\u00d5lpr\u00f3p\u00d5l sellul\u00f3sa;H\u00d5drox\u00d5lpr\u00f3p\u00d5lmet\u00d5lsellul\u00f3sa, karbox\u00d5met\u00d5lsellul\u00f3sa; Dextrose, salt, brag\u00a8efni<\/p>","protected":false},"featured_media":6741,"comment_status":"closed","ping_status":"closed","template":"","meta":{"_acf_changed":false},"product_brand":[],"product_cat":[143,17],"product_tag":[],"class_list":{"0":"post-2830","1":"product","2":"type-product","3":"status-publish","4":"has-post-thumbnail","6":"product_cat-jurtamjolkrjomi","7":"product_cat-vegan","9":"first","10":"outofstock","11":"taxable","12":"shipping-taxable","13":"purchasable","14":"product-type-simple"},"acf":[],"jetpack_sharing_enabled":true,"_links":{"self":[{"href":"https:\/\/kallik.is\/en\/wp-json\/wp\/v2\/product\/2830","targetHints":{"allow":["GET"]}}],"collection":[{"href":"https:\/\/kallik.is\/en\/wp-json\/wp\/v2\/product"}],"about":[{"href":"https:\/\/kallik.is\/en\/wp-json\/wp\/v2\/types\/product"}],"replies":[{"embeddable":true,"href":"https:\/\/kallik.is\/en\/wp-json\/wp\/v2\/comments?post=2830"}],"wp:featuredmedia":[{"embeddable":true,"href":"https:\/\/kallik.is\/en\/wp-json\/wp\/v2\/media\/6741"}],"wp:attachment":[{"href":"https:\/\/kallik.is\/en\/wp-json\/wp\/v2\/media?parent=2830"}],"wp:term":[{"taxonomy":"product_brand","embeddable":true,"href":"https:\/\/kallik.is\/en\/wp-json\/wp\/v2\/product_brand?post=2830"},{"taxonomy":"product_cat","embeddable":true,"href":"https:\/\/kallik.is\/en\/wp-json\/wp\/v2\/product_cat?post=2830"},{"taxonomy":"product_tag","embeddable":true,"href":"https:\/\/kallik.is\/en\/wp-json\/wp\/v2\/product_tag?post=2830"}],"curies":[{"name":"wp","href":"https:\/\/api.w.org\/{rel}","templated":true}]}}