{"id":2829,"date":"2024-01-04T11:40:23","date_gmt":"2024-01-04T11:40:23","guid":{"rendered":"https:\/\/kallik.webdev.is\/product\/schlagfix-rjomi-universal-12x1000-ml\/"},"modified":"2026-01-14T11:15:56","modified_gmt":"2026-01-14T11:15:56","slug":"schlagfix-rjomi-universal-12x1000-ml","status":"publish","type":"product","link":"https:\/\/kallik.is\/en\/product\/schlagfix-rjomi-universal-12x1000-ml\/","title":{"rendered":"Schlagfix rj\u00f3mi universal 12&#215;1000 ml"},"content":{"rendered":"<p>Vatn, p\u00e1lmakjarnaol\u00eda (hert) 25%, gl\u00fak\u00f3sas\u00edr\u00f3p, \u00fdruefni: p\u00f3l\u00fdsorbat 60,<br \/>Ein- og tv\u00edgl\u00fdser\u00ed\u00f0 af fitus\u00fdrum, fj\u00f6lgl\u00fdser\u00f3l esterar af fitus\u00fdrum;<br \/>St\u00f6\u00f0ugleikaefni: h\u00fddrox\u00fdpr\u00f3p\u00fdlmet\u00fdlsellul\u00f3sa, karbox\u00fdmet\u00fdlsellul\u00f3sa; salt, brag\u00f0efni<\/p>","protected":false},"excerpt":{"rendered":"<p>Vatn, p\u00e1lmakjarnaol\u00eda (hert) 25%, gl\u00fak\u00f3sas\u00edr\u00f3p, \u00fdruefni: p\u00f3l\u00fdsorbat 60,Ein- og tv\u00edgl\u00fdser\u00ed\u00f0 af fitus\u00fdrum, fj\u00f6lgl\u00fdser\u00f3l esterar af fitus\u00fdrum;St\u00f6\u00f0ugleikaefni: h\u00fddrox\u00fdpr\u00f3p\u00fdlmet\u00fdlsellul\u00f3sa, karbox\u00fdmet\u00fdlsellul\u00f3sa; salt, brag\u00f0efni<\/p>","protected":false},"featured_media":6740,"comment_status":"closed","ping_status":"closed","template":"","meta":{"_acf_changed":false},"product_brand":[],"product_cat":[143,17],"product_tag":[],"class_list":{"0":"post-2829","1":"product","2":"type-product","3":"status-publish","4":"has-post-thumbnail","6":"product_cat-jurtamjolkrjomi","7":"product_cat-vegan","9":"first","10":"outofstock","11":"taxable","12":"shipping-taxable","13":"purchasable","14":"product-type-simple"},"acf":[],"jetpack_sharing_enabled":true,"_links":{"self":[{"href":"https:\/\/kallik.is\/en\/wp-json\/wp\/v2\/product\/2829","targetHints":{"allow":["GET"]}}],"collection":[{"href":"https:\/\/kallik.is\/en\/wp-json\/wp\/v2\/product"}],"about":[{"href":"https:\/\/kallik.is\/en\/wp-json\/wp\/v2\/types\/product"}],"replies":[{"embeddable":true,"href":"https:\/\/kallik.is\/en\/wp-json\/wp\/v2\/comments?post=2829"}],"wp:featuredmedia":[{"embeddable":true,"href":"https:\/\/kallik.is\/en\/wp-json\/wp\/v2\/media\/6740"}],"wp:attachment":[{"href":"https:\/\/kallik.is\/en\/wp-json\/wp\/v2\/media?parent=2829"}],"wp:term":[{"taxonomy":"product_brand","embeddable":true,"href":"https:\/\/kallik.is\/en\/wp-json\/wp\/v2\/product_brand?post=2829"},{"taxonomy":"product_cat","embeddable":true,"href":"https:\/\/kallik.is\/en\/wp-json\/wp\/v2\/product_cat?post=2829"},{"taxonomy":"product_tag","embeddable":true,"href":"https:\/\/kallik.is\/en\/wp-json\/wp\/v2\/product_tag?post=2829"}],"curies":[{"name":"wp","href":"https:\/\/api.w.org\/{rel}","templated":true}]}}