{"id":2828,"date":"2024-01-04T11:40:20","date_gmt":"2024-01-04T11:40:20","guid":{"rendered":"https:\/\/kallik.webdev.is\/product\/schlagfix-sprautu-rjomi-12x200-ml-vegan\/"},"modified":"2026-04-30T11:38:56","modified_gmt":"2026-04-30T11:38:56","slug":"schlagfix-sprautu-rjomi-12x200-ml-vegan","status":"publish","type":"product","link":"https:\/\/kallik.is\/en\/product\/schlagfix-sprautu-rjomi-12x200-ml-vegan\/","title":{"rendered":"Schlagfix sprautu rj\u00f3mi 12&#215;200 ml vegan"},"content":{"rendered":"<p>Vatn, p\u00e1lmakjarnaol\u00eda (hert) 15%; sykur 10%; Dextrose, drifefni:<br \/>Tv\u00edniturox\u00ed\u00a8, gl\u00fak\u00f3sas\u00edr\u00f3p, rakaefni: sorbit\u00f3l; Fleytiefni: m\u00f3n\u00f3 og<br \/>D\u00edaset\u00d5lv\u00edns\u00d5ruester af ein- og tv\u00edgl\u00d5ser\u00ed\u00a8um fitus\u00d5ra, p\u00f3l\u00d5sorbat 60;<br \/>St\u00f6\u00a8ugleiki: h\u00d5drox\u00d5pr\u00f3p\u00d5l met\u00d5lsellul\u00f3sa, kart\u00f6flusterkja, salt, brag\u00a8efni.<\/p>","protected":false},"excerpt":{"rendered":"<p>Vatn, p\u00e1lmakjarnaol\u00eda (hert) 15%; sykur 10%; Dextrose, drifefni:Tv\u00edniturox\u00ed\u00a8, gl\u00fak\u00f3sas\u00edr\u00f3p, rakaefni: sorbit\u00f3l; Fleytiefni: m\u00f3n\u00f3 ogD\u00edaset\u00d5lv\u00edns\u00d5ruester af ein- og tv\u00edgl\u00d5ser\u00ed\u00a8um fitus\u00d5ra, p\u00f3l\u00d5sorbat 60;St\u00f6\u00a8ugleiki: h\u00d5drox\u00d5pr\u00f3p\u00d5l met\u00d5lsellul\u00f3sa, kart\u00f6flusterkja, salt, brag\u00a8efni.<\/p>","protected":false},"featured_media":6739,"comment_status":"closed","ping_status":"closed","template":"","meta":{"_acf_changed":false},"product_brand":[],"product_cat":[143,17],"product_tag":[],"class_list":{"0":"post-2828","1":"product","2":"type-product","3":"status-publish","4":"has-post-thumbnail","6":"product_cat-jurtamjolkrjomi","7":"product_cat-vegan","9":"first","10":"instock","11":"taxable","12":"shipping-taxable","13":"purchasable","14":"product-type-simple"},"acf":[],"jetpack_sharing_enabled":true,"_links":{"self":[{"href":"https:\/\/kallik.is\/en\/wp-json\/wp\/v2\/product\/2828","targetHints":{"allow":["GET"]}}],"collection":[{"href":"https:\/\/kallik.is\/en\/wp-json\/wp\/v2\/product"}],"about":[{"href":"https:\/\/kallik.is\/en\/wp-json\/wp\/v2\/types\/product"}],"replies":[{"embeddable":true,"href":"https:\/\/kallik.is\/en\/wp-json\/wp\/v2\/comments?post=2828"}],"wp:featuredmedia":[{"embeddable":true,"href":"https:\/\/kallik.is\/en\/wp-json\/wp\/v2\/media\/6739"}],"wp:attachment":[{"href":"https:\/\/kallik.is\/en\/wp-json\/wp\/v2\/media?parent=2828"}],"wp:term":[{"taxonomy":"product_brand","embeddable":true,"href":"https:\/\/kallik.is\/en\/wp-json\/wp\/v2\/product_brand?post=2828"},{"taxonomy":"product_cat","embeddable":true,"href":"https:\/\/kallik.is\/en\/wp-json\/wp\/v2\/product_cat?post=2828"},{"taxonomy":"product_tag","embeddable":true,"href":"https:\/\/kallik.is\/en\/wp-json\/wp\/v2\/product_tag?post=2828"}],"curies":[{"name":"wp","href":"https:\/\/api.w.org\/{rel}","templated":true}]}}