{"id":2827,"date":"2024-01-04T11:40:17","date_gmt":"2024-01-04T11:40:17","guid":{"rendered":"https:\/\/kallik.webdev.is\/product\/schlagfix-rjomi-saetur-18x200ml\/"},"modified":"2026-04-27T15:27:19","modified_gmt":"2026-04-27T15:27:19","slug":"schlagfix-rjomi-saetur-18x200ml","status":"publish","type":"product","link":"https:\/\/kallik.is\/en\/product\/schlagfix-rjomi-saetur-18x200ml\/","title":{"rendered":"Schlagfix rj\u00f3mi s\u00e6tur vegan 18x200ml"},"content":{"rendered":"<p>Vatn, p\u00e1lmakjarnaol\u00eda (hert) 15%, sykur 13%, dextr\u00f3si, gl\u00fak\u00f3sas\u00edr\u00f3p,<br \/>Fleytiefni: E435, E471, E475; ma\u00edssterkju, sveifluj\u00f6fnun: E464, E466; salt, brag\u00a8efni.<\/p>","protected":false},"excerpt":{"rendered":"<p>Vatn, p\u00e1lmakjarnaol\u00eda (hert) 15%, sykur 13%, dextr\u00f3si, gl\u00fak\u00f3sas\u00edr\u00f3p,Fleytiefni: E435, E471, E475; ma\u00edssterkju, sveifluj\u00f6fnun: E464, E466; salt, brag\u00a8efni.<\/p>","protected":false},"featured_media":6738,"comment_status":"closed","ping_status":"closed","template":"","meta":{"_acf_changed":false},"product_brand":[],"product_cat":[143,17],"product_tag":[],"class_list":{"0":"post-2827","1":"product","2":"type-product","3":"status-publish","4":"has-post-thumbnail","6":"product_cat-jurtamjolkrjomi","7":"product_cat-vegan","9":"first","10":"instock","11":"taxable","12":"shipping-taxable","13":"purchasable","14":"product-type-simple"},"acf":[],"jetpack_sharing_enabled":true,"_links":{"self":[{"href":"https:\/\/kallik.is\/en\/wp-json\/wp\/v2\/product\/2827","targetHints":{"allow":["GET"]}}],"collection":[{"href":"https:\/\/kallik.is\/en\/wp-json\/wp\/v2\/product"}],"about":[{"href":"https:\/\/kallik.is\/en\/wp-json\/wp\/v2\/types\/product"}],"replies":[{"embeddable":true,"href":"https:\/\/kallik.is\/en\/wp-json\/wp\/v2\/comments?post=2827"}],"wp:featuredmedia":[{"embeddable":true,"href":"https:\/\/kallik.is\/en\/wp-json\/wp\/v2\/media\/6738"}],"wp:attachment":[{"href":"https:\/\/kallik.is\/en\/wp-json\/wp\/v2\/media?parent=2827"}],"wp:term":[{"taxonomy":"product_brand","embeddable":true,"href":"https:\/\/kallik.is\/en\/wp-json\/wp\/v2\/product_brand?post=2827"},{"taxonomy":"product_cat","embeddable":true,"href":"https:\/\/kallik.is\/en\/wp-json\/wp\/v2\/product_cat?post=2827"},{"taxonomy":"product_tag","embeddable":true,"href":"https:\/\/kallik.is\/en\/wp-json\/wp\/v2\/product_tag?post=2827"}],"curies":[{"name":"wp","href":"https:\/\/api.w.org\/{rel}","templated":true}]}}