{"id":2821,"date":"2024-01-04T11:39:55","date_gmt":"2024-01-04T11:39:55","guid":{"rendered":"https:\/\/kallik.webdev.is\/product\/boojabooja-caramel-pecan-praline\/"},"modified":"2026-04-22T11:09:36","modified_gmt":"2026-04-22T11:09:36","slug":"boojabooja-caramel-pecan-praline","status":"publish","type":"product","link":"https:\/\/kallik.is\/en\/product\/boojabooja-caramel-pecan-praline\/","title":{"rendered":"BoojaBooja Caramel Pecan Praline 6x500ml"},"content":{"rendered":"<p>Vatn, reyrsykur*, KASHEWHNETUR*, pekanhnetur*, k\u00f3koss\u00fdr\u00f3p*, k\u00f3kosol\u00eda*, sj\u00e1varsalt, vanillu\u00feykkni* *=L\u00edfr\u00e6nt r\u00e6kta\u00f0 hr\u00e1efni.<\/p>\n<p>INNIHELDUR EINNIG A\u00d0RAR HNETUR. NOTAST VI\u00d0 TRJ\u00c1HNETUR \u00cd VERKSMI\u00d0JU. G\u00e6ti innihaldi\u00f0 jar\u00f0hnetur.<\/p>","protected":false},"excerpt":{"rendered":"<p>Vatn, reyrsykur*, KASHEWHNETUR*, pekanhnetur*, k\u00f3koss\u00fdr\u00f3p*, k\u00f3kosol\u00eda*, sj\u00e1varsalt, vanillu\u00feykkni* *=L\u00edfr\u00e6nt r\u00e6kta\u00f0 hr\u00e1efni. INNIHELDUR EINNIG A\u00d0RAR HNETUR. NOTAST VI\u00d0 TRJ\u00c1HNETUR \u00cd VERKSMI\u00d0JU. G\u00e6ti innihaldi\u00f0 jar\u00f0hnetur.<\/p>","protected":false},"featured_media":6735,"comment_status":"closed","ping_status":"closed","template":"","meta":{"_acf_changed":false},"product_brand":[],"product_cat":[76,17],"product_tag":[],"class_list":{"0":"post-2821","1":"product","2":"type-product","3":"status-publish","4":"has-post-thumbnail","6":"product_cat-is","7":"product_cat-vegan","9":"first","10":"instock","11":"taxable","12":"shipping-taxable","13":"purchasable","14":"product-type-simple"},"acf":[],"jetpack_sharing_enabled":true,"_links":{"self":[{"href":"https:\/\/kallik.is\/en\/wp-json\/wp\/v2\/product\/2821","targetHints":{"allow":["GET"]}}],"collection":[{"href":"https:\/\/kallik.is\/en\/wp-json\/wp\/v2\/product"}],"about":[{"href":"https:\/\/kallik.is\/en\/wp-json\/wp\/v2\/types\/product"}],"replies":[{"embeddable":true,"href":"https:\/\/kallik.is\/en\/wp-json\/wp\/v2\/comments?post=2821"}],"wp:featuredmedia":[{"embeddable":true,"href":"https:\/\/kallik.is\/en\/wp-json\/wp\/v2\/media\/6735"}],"wp:attachment":[{"href":"https:\/\/kallik.is\/en\/wp-json\/wp\/v2\/media?parent=2821"}],"wp:term":[{"taxonomy":"product_brand","embeddable":true,"href":"https:\/\/kallik.is\/en\/wp-json\/wp\/v2\/product_brand?post=2821"},{"taxonomy":"product_cat","embeddable":true,"href":"https:\/\/kallik.is\/en\/wp-json\/wp\/v2\/product_cat?post=2821"},{"taxonomy":"product_tag","embeddable":true,"href":"https:\/\/kallik.is\/en\/wp-json\/wp\/v2\/product_tag?post=2821"}],"curies":[{"name":"wp","href":"https:\/\/api.w.org\/{rel}","templated":true}]}}