{"id":2820,"date":"2024-01-04T11:39:52","date_gmt":"2024-01-04T11:39:52","guid":{"rendered":"https:\/\/kallik.webdev.is\/product\/boojabooja-chocolate-salted-caramel\/"},"modified":"2026-04-29T15:59:01","modified_gmt":"2026-04-29T15:59:01","slug":"boojabooja-chocolate-salted-caramel","status":"publish","type":"product","link":"https:\/\/kallik.is\/en\/product\/boojabooja-chocolate-salted-caramel\/","title":{"rendered":"BoojaBooja Chocolate Salted Caramel 6x500ml"},"content":{"rendered":"<p>Vatn, reyrsykur*, KASHEWHNETUR*, kak\u00f3duft*, k\u00f3koss\u00d5r\u00f3p*, sj\u00e1varsalt *=L\u00edfr\u00e6nt r\u00e6kta\u00a8 hr\u00e1efni.<\/p>\n<p>INNIHELDUR EINNIG A\u00a9RAR HNETUR. NOTAST VI\u00a9 TRJ\u2026HNETUR \u00b4 VERKSMI\u00a9JU. G\u00e6ti innihaldi\u00a8 jar\u00a8hnetur.<\/p>","protected":false},"excerpt":{"rendered":"<p>Vatn, reyrsykur*, KASHEWHNETUR*, kak\u00f3duft*, k\u00f3koss\u00d5r\u00f3p*, sj\u00e1varsalt *=L\u00edfr\u00e6nt r\u00e6kta\u00a8 hr\u00e1efni. INNIHELDUR EINNIG A\u00a9RAR HNETUR. NOTAST VI\u00a9 TRJ\u2026HNETUR \u00b4 VERKSMI\u00a9JU. G\u00e6ti innihaldi\u00a8 jar\u00a8hnetur.<\/p>","protected":false},"featured_media":6734,"comment_status":"closed","ping_status":"closed","template":"","meta":{"_acf_changed":false},"product_brand":[],"product_cat":[76,17],"product_tag":[],"class_list":{"0":"post-2820","1":"product","2":"type-product","3":"status-publish","4":"has-post-thumbnail","6":"product_cat-is","7":"product_cat-vegan","9":"first","10":"instock","11":"taxable","12":"shipping-taxable","13":"purchasable","14":"product-type-simple"},"acf":[],"jetpack_sharing_enabled":true,"_links":{"self":[{"href":"https:\/\/kallik.is\/en\/wp-json\/wp\/v2\/product\/2820","targetHints":{"allow":["GET"]}}],"collection":[{"href":"https:\/\/kallik.is\/en\/wp-json\/wp\/v2\/product"}],"about":[{"href":"https:\/\/kallik.is\/en\/wp-json\/wp\/v2\/types\/product"}],"replies":[{"embeddable":true,"href":"https:\/\/kallik.is\/en\/wp-json\/wp\/v2\/comments?post=2820"}],"wp:featuredmedia":[{"embeddable":true,"href":"https:\/\/kallik.is\/en\/wp-json\/wp\/v2\/media\/6734"}],"wp:attachment":[{"href":"https:\/\/kallik.is\/en\/wp-json\/wp\/v2\/media?parent=2820"}],"wp:term":[{"taxonomy":"product_brand","embeddable":true,"href":"https:\/\/kallik.is\/en\/wp-json\/wp\/v2\/product_brand?post=2820"},{"taxonomy":"product_cat","embeddable":true,"href":"https:\/\/kallik.is\/en\/wp-json\/wp\/v2\/product_cat?post=2820"},{"taxonomy":"product_tag","embeddable":true,"href":"https:\/\/kallik.is\/en\/wp-json\/wp\/v2\/product_tag?post=2820"}],"curies":[{"name":"wp","href":"https:\/\/api.w.org\/{rel}","templated":true}]}}