{"id":2629,"date":"2024-01-03T16:53:55","date_gmt":"2024-01-03T16:53:55","guid":{"rendered":"https:\/\/kallik.webdev.is\/product\/inycon-growers-pinot-grigio\/"},"modified":"2026-04-30T15:27:04","modified_gmt":"2026-04-30T15:27:04","slug":"inycon-growers-pinot-grigio","status":"publish","type":"product","link":"https:\/\/kallik.is\/en\/product\/inycon-growers-pinot-grigio\/","title":{"rendered":"Inycon Growers Pinot Grigio"},"content":{"rendered":"<p>Eitt vins\u00e6lasta pinot \u00e1 \u00b4slandi n\u00fa \u00ed fl\u00f6sku \u00e1 fr\u00e1b\u00e6ru ver\u00a8i.&nbsp;<\/p>\n<p>Gott fr\u00edskandi samkomuv\u00edn.<\/p>","protected":false},"excerpt":{"rendered":"<p>Eitt vins\u00e6lasta pinot \u00e1 \u00b4slandi n\u00fa \u00ed fl\u00f6sku \u00e1 fr\u00e1b\u00e6ru ver\u00a8i.&nbsp; Gott fr\u00edskandi samkomuv\u00edn.<\/p>","protected":false},"featured_media":7326,"comment_status":"closed","ping_status":"closed","template":"","meta":{"_acf_changed":false},"product_brand":[],"product_cat":[52],"product_tag":[],"class_list":{"0":"post-2629","1":"product","2":"type-product","3":"status-publish","4":"has-post-thumbnail","6":"product_cat-hvitvin","7":"hide-add-to-cart-button","9":"first","10":"instock","11":"taxable","12":"shipping-taxable","13":"purchasable","14":"product-type-simple"},"acf":[],"jetpack_sharing_enabled":true,"_links":{"self":[{"href":"https:\/\/kallik.is\/en\/wp-json\/wp\/v2\/product\/2629","targetHints":{"allow":["GET"]}}],"collection":[{"href":"https:\/\/kallik.is\/en\/wp-json\/wp\/v2\/product"}],"about":[{"href":"https:\/\/kallik.is\/en\/wp-json\/wp\/v2\/types\/product"}],"replies":[{"embeddable":true,"href":"https:\/\/kallik.is\/en\/wp-json\/wp\/v2\/comments?post=2629"}],"wp:featuredmedia":[{"embeddable":true,"href":"https:\/\/kallik.is\/en\/wp-json\/wp\/v2\/media\/7326"}],"wp:attachment":[{"href":"https:\/\/kallik.is\/en\/wp-json\/wp\/v2\/media?parent=2629"}],"wp:term":[{"taxonomy":"product_brand","embeddable":true,"href":"https:\/\/kallik.is\/en\/wp-json\/wp\/v2\/product_brand?post=2629"},{"taxonomy":"product_cat","embeddable":true,"href":"https:\/\/kallik.is\/en\/wp-json\/wp\/v2\/product_cat?post=2629"},{"taxonomy":"product_tag","embeddable":true,"href":"https:\/\/kallik.is\/en\/wp-json\/wp\/v2\/product_tag?post=2629"}],"curies":[{"name":"wp","href":"https:\/\/api.w.org\/{rel}","templated":true}]}}