{"id":25875,"date":"2025-03-18T09:15:42","date_gmt":"2025-03-18T09:15:42","guid":{"rendered":"https:\/\/kallik.is\/product\/saku-originaal-500ml-dos-24-dosir-i-kassa\/"},"modified":"2026-04-28T13:03:13","modified_gmt":"2026-04-28T13:03:13","slug":"saku-originaal-500ml-dos-24-dosir-i-kassa","status":"publish","type":"product","link":"https:\/\/kallik.is\/en\/product\/saku-originaal-500ml-dos-24-dosir-i-kassa\/","title":{"rendered":"Saku Originaal 500ml d\u00f3s- 24 d\u00f3sir \u00ed kassa"},"content":{"rendered":"<p>A\u00a8eins 39 kalor\u00edur per. 100ml!<\/p>","protected":false},"excerpt":{"rendered":"<p>A\u00a8eins 39 kalor\u00edur per. 100ml!<\/p>","protected":false},"featured_media":7359,"comment_status":"closed","ping_status":"closed","template":"","meta":{"_acf_changed":false},"product_brand":[],"product_cat":[42,47],"product_tag":[],"class_list":{"0":"post-25875","1":"product","2":"type-product","3":"status-publish","4":"has-post-thumbnail","6":"product_cat-afengi","7":"product_cat-bjor","8":"hide-add-to-cart-button","10":"first","11":"instock","12":"taxable","13":"shipping-taxable","14":"purchasable","15":"product-type-simple"},"acf":[],"jetpack_sharing_enabled":true,"_links":{"self":[{"href":"https:\/\/kallik.is\/en\/wp-json\/wp\/v2\/product\/25875","targetHints":{"allow":["GET"]}}],"collection":[{"href":"https:\/\/kallik.is\/en\/wp-json\/wp\/v2\/product"}],"about":[{"href":"https:\/\/kallik.is\/en\/wp-json\/wp\/v2\/types\/product"}],"replies":[{"embeddable":true,"href":"https:\/\/kallik.is\/en\/wp-json\/wp\/v2\/comments?post=25875"}],"wp:featuredmedia":[{"embeddable":true,"href":"https:\/\/kallik.is\/en\/wp-json\/wp\/v2\/media\/7359"}],"wp:attachment":[{"href":"https:\/\/kallik.is\/en\/wp-json\/wp\/v2\/media?parent=25875"}],"wp:term":[{"taxonomy":"product_brand","embeddable":true,"href":"https:\/\/kallik.is\/en\/wp-json\/wp\/v2\/product_brand?post=25875"},{"taxonomy":"product_cat","embeddable":true,"href":"https:\/\/kallik.is\/en\/wp-json\/wp\/v2\/product_cat?post=25875"},{"taxonomy":"product_tag","embeddable":true,"href":"https:\/\/kallik.is\/en\/wp-json\/wp\/v2\/product_tag?post=25875"}],"curies":[{"name":"wp","href":"https:\/\/api.w.org\/{rel}","templated":true}]}}