{"id":2567,"date":"2024-12-26T17:01:32","date_gmt":"2024-12-26T17:01:32","guid":{"rendered":"https:\/\/kallik.webdev.is\/product\/sangre-de-toro-cava\/"},"modified":"2026-04-16T11:49:04","modified_gmt":"2026-04-16T11:49:04","slug":"sangre-de-toro-cava","status":"publish","type":"product","link":"https:\/\/kallik.is\/en\/product\/sangre-de-toro-cava\/","title":{"rendered":"Torres Sangre De Toro Cava"},"content":{"rendered":"<p>Glitrandi Brut<br \/>Hin fullkomna samsetning:<\/p>\n<p>Fr\u00edskur uppruni gerir \u00feetta cava a\u00f0 fullkomnum f\u00e9laga vi\u00f0 forr\u00e9tti, t\u00f3mattartar, fisk e\u00f0a sj\u00e1varfang.<\/p>\n<p>FAGNA\u00d0U EINS OG ALDREI \u00c1\u00d0UR<br \/>Me\u00f0 okkar glitrandi drykk er alltaf eitthva\u00f0 gott a\u00f0 fagna: ilmandi og \u00e1vaxtar\u00edkt, gla\u00f0legt og l\u00e9tt \u00ed brag\u00f0i.<\/p>","protected":false},"excerpt":{"rendered":"<p>Glitrandi BrutHin fullkomna samsetning: Fr\u00edskur uppruni gerir \u00feetta cava a\u00f0 fullkomnum f\u00e9laga vi\u00f0 forr\u00e9tti, t\u00f3mattartar, fisk e\u00f0a sj\u00e1varfang. FAGNA\u00d0U EINS OG ALDREI \u00c1\u00d0URMe\u00f0 okkar glitrandi drykk er alltaf eitthva\u00f0 gott a\u00f0 fagna: ilmandi og \u00e1vaxtar\u00edkt, gla\u00f0legt og l\u00e9tt \u00ed brag\u00f0i.<\/p>","protected":false},"featured_media":7297,"comment_status":"closed","ping_status":"closed","template":"","meta":{"_acf_changed":false},"product_brand":[],"product_cat":[61],"product_tag":[],"class_list":{"0":"post-2567","1":"product","2":"type-product","3":"status-publish","4":"has-post-thumbnail","6":"product_cat-kampavinfreydivin","7":"hide-add-to-cart-button","9":"first","10":"instock","11":"taxable","12":"shipping-taxable","13":"purchasable","14":"product-type-simple"},"acf":[],"jetpack_sharing_enabled":true,"_links":{"self":[{"href":"https:\/\/kallik.is\/en\/wp-json\/wp\/v2\/product\/2567","targetHints":{"allow":["GET"]}}],"collection":[{"href":"https:\/\/kallik.is\/en\/wp-json\/wp\/v2\/product"}],"about":[{"href":"https:\/\/kallik.is\/en\/wp-json\/wp\/v2\/types\/product"}],"replies":[{"embeddable":true,"href":"https:\/\/kallik.is\/en\/wp-json\/wp\/v2\/comments?post=2567"}],"wp:featuredmedia":[{"embeddable":true,"href":"https:\/\/kallik.is\/en\/wp-json\/wp\/v2\/media\/7297"}],"wp:attachment":[{"href":"https:\/\/kallik.is\/en\/wp-json\/wp\/v2\/media?parent=2567"}],"wp:term":[{"taxonomy":"product_brand","embeddable":true,"href":"https:\/\/kallik.is\/en\/wp-json\/wp\/v2\/product_brand?post=2567"},{"taxonomy":"product_cat","embeddable":true,"href":"https:\/\/kallik.is\/en\/wp-json\/wp\/v2\/product_cat?post=2567"},{"taxonomy":"product_tag","embeddable":true,"href":"https:\/\/kallik.is\/en\/wp-json\/wp\/v2\/product_tag?post=2567"}],"curies":[{"name":"wp","href":"https:\/\/api.w.org\/{rel}","templated":true}]}}