{"id":2026,"date":"2024-01-03T16:16:24","date_gmt":"2024-01-03T16:16:24","guid":{"rendered":"https:\/\/kallik.webdev.is\/product\/glade-udabrusi-cherry-12x300ml\/"},"modified":"2026-04-20T14:17:25","modified_gmt":"2026-04-20T14:17:25","slug":"glade-udabrusi-cherry-12x300ml","status":"publish","type":"product","link":"https:\/\/kallik.is\/en\/product\/glade-udabrusi-cherry-12x300ml\/","title":{"rendered":"GLADE \u00da\u00f0abr\u00fasi Cherry 12x300ml"},"content":{"rendered":"<p>AQUA<br \/>\nBUTANE<br \/>\nPROPANE<br \/>\nISOBUTANE<br \/>\nSorbitan Oleate<br \/>\nDISODIUM PHOSPHATE<br \/>\nPOTASSIUM PHOSPHATE<br \/>\nParfum<br \/>\nPROPYLENE GLYCOL<br \/>\nAMMONIUM HYDROXIDE<br \/>\nBenzalkonium Chloride<br \/>\nALCOHOL<\/p>","protected":false},"excerpt":{"rendered":"<p>AQUA BUTANE PROPANE ISOBUTANE Sorbitan Oleate DISODIUM PHOSPHATE POTASSIUM PHOSPHATE Parfum PROPYLENE GLYCOL AMMONIUM HYDROXIDE Benzalkonium Chloride ALCOHOL<\/p>","protected":false},"featured_media":7039,"comment_status":"closed","ping_status":"closed","template":"","meta":{"_acf_changed":false},"product_brand":[],"product_cat":[66,75],"product_tag":[],"class_list":{"0":"post-2026","1":"product","2":"type-product","3":"status-publish","4":"has-post-thumbnail","6":"product_cat-heimilis-rekstrarvorur","7":"product_cat-hreinlaetisvorur","9":"first","10":"outofstock","11":"taxable","12":"shipping-taxable","13":"purchasable","14":"product-type-simple"},"acf":[],"jetpack_sharing_enabled":true,"_links":{"self":[{"href":"https:\/\/kallik.is\/en\/wp-json\/wp\/v2\/product\/2026","targetHints":{"allow":["GET"]}}],"collection":[{"href":"https:\/\/kallik.is\/en\/wp-json\/wp\/v2\/product"}],"about":[{"href":"https:\/\/kallik.is\/en\/wp-json\/wp\/v2\/types\/product"}],"replies":[{"embeddable":true,"href":"https:\/\/kallik.is\/en\/wp-json\/wp\/v2\/comments?post=2026"}],"wp:featuredmedia":[{"embeddable":true,"href":"https:\/\/kallik.is\/en\/wp-json\/wp\/v2\/media\/7039"}],"wp:attachment":[{"href":"https:\/\/kallik.is\/en\/wp-json\/wp\/v2\/media?parent=2026"}],"wp:term":[{"taxonomy":"product_brand","embeddable":true,"href":"https:\/\/kallik.is\/en\/wp-json\/wp\/v2\/product_brand?post=2026"},{"taxonomy":"product_cat","embeddable":true,"href":"https:\/\/kallik.is\/en\/wp-json\/wp\/v2\/product_cat?post=2026"},{"taxonomy":"product_tag","embeddable":true,"href":"https:\/\/kallik.is\/en\/wp-json\/wp\/v2\/product_tag?post=2026"}],"curies":[{"name":"wp","href":"https:\/\/api.w.org\/{rel}","templated":true}]}}