{"id":2020,"date":"2024-01-03T16:15:44","date_gmt":"2024-01-03T16:15:44","guid":{"rendered":"https:\/\/kallik.webdev.is\/product\/krombacher-hell-500-dos\/"},"modified":"2026-04-29T16:08:36","modified_gmt":"2026-04-29T16:08:36","slug":"krombacher-hell-500-dos","status":"publish","type":"product","link":"https:\/\/kallik.is\/en\/product\/krombacher-hell-500-dos\/","title":{"rendered":"Krombacher Hell d\u00f3s 24 \u00ed kassa"},"content":{"rendered":"<p>4 stykki \u00ed pakka.<\/p>","protected":false},"excerpt":{"rendered":"<p>4 stykki \u00ed pakka.<\/p>","protected":false},"featured_media":7036,"comment_status":"closed","ping_status":"closed","template":"","meta":{"_acf_changed":false},"product_brand":[],"product_cat":[47],"product_tag":[],"class_list":{"0":"post-2020","1":"product","2":"type-product","3":"status-publish","4":"has-post-thumbnail","6":"product_cat-bjor","7":"hide-add-to-cart-button","9":"first","10":"instock","11":"taxable","12":"shipping-taxable","13":"purchasable","14":"product-type-simple"},"acf":[],"jetpack_sharing_enabled":true,"_links":{"self":[{"href":"https:\/\/kallik.is\/en\/wp-json\/wp\/v2\/product\/2020","targetHints":{"allow":["GET"]}}],"collection":[{"href":"https:\/\/kallik.is\/en\/wp-json\/wp\/v2\/product"}],"about":[{"href":"https:\/\/kallik.is\/en\/wp-json\/wp\/v2\/types\/product"}],"replies":[{"embeddable":true,"href":"https:\/\/kallik.is\/en\/wp-json\/wp\/v2\/comments?post=2020"}],"wp:featuredmedia":[{"embeddable":true,"href":"https:\/\/kallik.is\/en\/wp-json\/wp\/v2\/media\/7036"}],"wp:attachment":[{"href":"https:\/\/kallik.is\/en\/wp-json\/wp\/v2\/media?parent=2020"}],"wp:term":[{"taxonomy":"product_brand","embeddable":true,"href":"https:\/\/kallik.is\/en\/wp-json\/wp\/v2\/product_brand?post=2020"},{"taxonomy":"product_cat","embeddable":true,"href":"https:\/\/kallik.is\/en\/wp-json\/wp\/v2\/product_cat?post=2020"},{"taxonomy":"product_tag","embeddable":true,"href":"https:\/\/kallik.is\/en\/wp-json\/wp\/v2\/product_tag?post=2020"}],"curies":[{"name":"wp","href":"https:\/\/api.w.org\/{rel}","templated":true}]}}