{"id":2012,"date":"2024-01-03T16:15:16","date_gmt":"2024-01-03T16:15:16","guid":{"rendered":"https:\/\/kallik.webdev.is\/product\/krombacher-pils-30l-kutur\/"},"modified":"2026-04-29T09:42:29","modified_gmt":"2026-04-29T09:42:29","slug":"krombacher-pils-30l-kutur","status":"publish","type":"product","link":"https:\/\/kallik.is\/en\/product\/krombacher-pils-30l-kutur\/","title":{"rendered":"Krombacher Pils 30L k\u00fatur"},"content":{"rendered":"<p>Kauptu 2 e\u00f0a fleiri k\u00fata og f\u00e1\u00f0u Krombacher bj\u00f3rd\u00e6lu me\u00f0 til leigu me\u00f0 fr\u00edtt!<\/p>","protected":false},"excerpt":{"rendered":"<p>Kauptu 2 e\u00f0a fleiri k\u00fata og f\u00e1\u00f0u Krombacher bj\u00f3rd\u00e6lu me\u00f0 til leigu me\u00f0 fr\u00edtt!<\/p>","protected":false},"featured_media":7032,"comment_status":"closed","ping_status":"closed","template":"","meta":{"_acf_changed":false},"product_brand":[],"product_cat":[47],"product_tag":[],"class_list":{"0":"post-2012","1":"product","2":"type-product","3":"status-publish","4":"has-post-thumbnail","6":"product_cat-bjor","7":"hide-add-to-cart-button","9":"first","10":"instock","11":"taxable","12":"shipping-taxable","13":"purchasable","14":"product-type-simple"},"acf":[],"jetpack_sharing_enabled":true,"_links":{"self":[{"href":"https:\/\/kallik.is\/en\/wp-json\/wp\/v2\/product\/2012","targetHints":{"allow":["GET"]}}],"collection":[{"href":"https:\/\/kallik.is\/en\/wp-json\/wp\/v2\/product"}],"about":[{"href":"https:\/\/kallik.is\/en\/wp-json\/wp\/v2\/types\/product"}],"replies":[{"embeddable":true,"href":"https:\/\/kallik.is\/en\/wp-json\/wp\/v2\/comments?post=2012"}],"wp:featuredmedia":[{"embeddable":true,"href":"https:\/\/kallik.is\/en\/wp-json\/wp\/v2\/media\/7032"}],"wp:attachment":[{"href":"https:\/\/kallik.is\/en\/wp-json\/wp\/v2\/media?parent=2012"}],"wp:term":[{"taxonomy":"product_brand","embeddable":true,"href":"https:\/\/kallik.is\/en\/wp-json\/wp\/v2\/product_brand?post=2012"},{"taxonomy":"product_cat","embeddable":true,"href":"https:\/\/kallik.is\/en\/wp-json\/wp\/v2\/product_cat?post=2012"},{"taxonomy":"product_tag","embeddable":true,"href":"https:\/\/kallik.is\/en\/wp-json\/wp\/v2\/product_tag?post=2012"}],"curies":[{"name":"wp","href":"https:\/\/api.w.org\/{rel}","templated":true}]}}