{"id":1988,"date":"2024-04-11T10:13:48","date_gmt":"2024-04-11T10:13:48","guid":{"rendered":"https:\/\/kallik.webdev.is\/product\/ritter-marsipan-12x100g\/"},"modified":"2026-04-30T11:07:17","modified_gmt":"2026-04-30T11:07:17","slug":"ritter-marsipan-12x100g","status":"publish","type":"product","link":"https:\/\/kallik.is\/en\/product\/ritter-marsipan-12x100g\/","title":{"rendered":"RITTER Marsipan 12x100g"},"content":{"rendered":"<p>Sykur, kak\u00f3massi, M\u00f6ndlur (16%), kak\u00f3smj\u00f6r, invert sykurs\u00edr\u00f3p, \u00d5ruefni: lesit\u00edn (SOJA); rakaefni (invertase)<\/p>","protected":false},"excerpt":{"rendered":"<p>Sykur, kak\u00f3massi, M\u00f6ndlur (16%), kak\u00f3smj\u00f6r, invert sykurs\u00edr\u00f3p, \u00d5ruefni: lesit\u00edn (SOJA); rakaefni (invertase)<\/p>","protected":false},"featured_media":7019,"comment_status":"closed","ping_status":"closed","template":"","meta":{"_acf_changed":false},"product_brand":[],"product_cat":[46],"product_tag":[],"class_list":{"0":"post-1988","1":"product","2":"type-product","3":"status-publish","4":"has-post-thumbnail","6":"product_cat-rittersport","8":"first","9":"outofstock","10":"taxable","11":"shipping-taxable","12":"purchasable","13":"product-type-simple"},"acf":[],"jetpack_sharing_enabled":true,"_links":{"self":[{"href":"https:\/\/kallik.is\/en\/wp-json\/wp\/v2\/product\/1988","targetHints":{"allow":["GET"]}}],"collection":[{"href":"https:\/\/kallik.is\/en\/wp-json\/wp\/v2\/product"}],"about":[{"href":"https:\/\/kallik.is\/en\/wp-json\/wp\/v2\/types\/product"}],"replies":[{"embeddable":true,"href":"https:\/\/kallik.is\/en\/wp-json\/wp\/v2\/comments?post=1988"}],"wp:featuredmedia":[{"embeddable":true,"href":"https:\/\/kallik.is\/en\/wp-json\/wp\/v2\/media\/7019"}],"wp:attachment":[{"href":"https:\/\/kallik.is\/en\/wp-json\/wp\/v2\/media?parent=1988"}],"wp:term":[{"taxonomy":"product_brand","embeddable":true,"href":"https:\/\/kallik.is\/en\/wp-json\/wp\/v2\/product_brand?post=1988"},{"taxonomy":"product_cat","embeddable":true,"href":"https:\/\/kallik.is\/en\/wp-json\/wp\/v2\/product_cat?post=1988"},{"taxonomy":"product_tag","embeddable":true,"href":"https:\/\/kallik.is\/en\/wp-json\/wp\/v2\/product_tag?post=1988"}],"curies":[{"name":"wp","href":"https:\/\/api.w.org\/{rel}","templated":true}]}}