{"id":1902,"date":"2024-01-03T16:03:48","date_gmt":"2024-01-03T16:03:48","guid":{"rendered":"https:\/\/kallik.webdev.is\/product\/cirio-pastasosa-arrabbiata-12x420gr\/"},"modified":"2026-04-29T11:49:24","modified_gmt":"2026-04-29T11:49:24","slug":"cirio-pastasosa-arrabbiata-12x420gr","status":"publish","type":"product","link":"https:\/\/kallik.is\/en\/product\/cirio-pastasosa-arrabbiata-12x420gr\/","title":{"rendered":"CIRIO pastas\u00f3sa arrabbiata 12x420gr"},"content":{"rendered":"<p>T\u00f3matar 75% (sigta\u00a8ir t\u00f3matar, saxa\u00a8ir t\u00f3matar), gr\u00e6nmeti 17% (laukur, gulr\u00f3t, seller\u00ed), s\u00f3lbl\u00f3maol\u00eda, sykur, salt, breytt sterkja, brag\u00a8efni, basil, n\u00e1tt\u00farulegt brag\u00a8efni af chilli 0,02%, s\u00d5rustillir: s\u00edtr\u00f3nus\u00d5ra, n\u00e1tt\u00faruleg brag\u00a8efni af hv\u00edtlauk 0,001%<\/p>","protected":false},"excerpt":{"rendered":"<p>T\u00f3matar 75% (sigta\u00a8ir t\u00f3matar, saxa\u00a8ir t\u00f3matar), gr\u00e6nmeti 17% (laukur, gulr\u00f3t, seller\u00ed), s\u00f3lbl\u00f3maol\u00eda, sykur, salt, breytt sterkja, brag\u00a8efni, basil, n\u00e1tt\u00farulegt brag\u00a8efni af chilli 0,02%, s\u00d5rustillir: s\u00edtr\u00f3nus\u00d5ra, n\u00e1tt\u00faruleg brag\u00a8efni af hv\u00edtlauk 0,001%<\/p>","protected":false},"featured_media":6979,"comment_status":"closed","ping_status":"closed","template":"","meta":{"_acf_changed":false},"product_brand":[],"product_cat":[78],"product_tag":[],"class_list":{"0":"post-1902","1":"product","2":"type-product","3":"status-publish","4":"has-post-thumbnail","6":"product_cat-tomatvorur","8":"first","9":"instock","10":"taxable","11":"shipping-taxable","12":"purchasable","13":"product-type-simple"},"acf":[],"jetpack_sharing_enabled":true,"_links":{"self":[{"href":"https:\/\/kallik.is\/en\/wp-json\/wp\/v2\/product\/1902","targetHints":{"allow":["GET"]}}],"collection":[{"href":"https:\/\/kallik.is\/en\/wp-json\/wp\/v2\/product"}],"about":[{"href":"https:\/\/kallik.is\/en\/wp-json\/wp\/v2\/types\/product"}],"replies":[{"embeddable":true,"href":"https:\/\/kallik.is\/en\/wp-json\/wp\/v2\/comments?post=1902"}],"wp:featuredmedia":[{"embeddable":true,"href":"https:\/\/kallik.is\/en\/wp-json\/wp\/v2\/media\/6979"}],"wp:attachment":[{"href":"https:\/\/kallik.is\/en\/wp-json\/wp\/v2\/media?parent=1902"}],"wp:term":[{"taxonomy":"product_brand","embeddable":true,"href":"https:\/\/kallik.is\/en\/wp-json\/wp\/v2\/product_brand?post=1902"},{"taxonomy":"product_cat","embeddable":true,"href":"https:\/\/kallik.is\/en\/wp-json\/wp\/v2\/product_cat?post=1902"},{"taxonomy":"product_tag","embeddable":true,"href":"https:\/\/kallik.is\/en\/wp-json\/wp\/v2\/product_tag?post=1902"}],"curies":[{"name":"wp","href":"https:\/\/api.w.org\/{rel}","templated":true}]}}