{"id":1898,"date":"2024-01-03T16:03:28","date_gmt":"2024-01-03T16:03:28","guid":{"rendered":"https:\/\/kallik.webdev.is\/product\/cirio-cherry-tom-12x400gr\/"},"modified":"2026-04-21T09:51:04","modified_gmt":"2026-04-21T09:51:04","slug":"cirio-cherry-tom-12x400gr","status":"publish","type":"product","link":"https:\/\/kallik.is\/en\/product\/cirio-cherry-tom-12x400gr\/","title":{"rendered":"CIRIO Cherry Tom 12x400gr"},"content":{"rendered":"<p>Kirsuberjat\u00f3matar, t\u00f3matsafi, s\u00d5rustillir: s\u00edtr\u00f3nus\u00d5ra<\/p>","protected":false},"excerpt":{"rendered":"<p>Kirsuberjat\u00f3matar, t\u00f3matsafi, s\u00d5rustillir: s\u00edtr\u00f3nus\u00d5ra<\/p>","protected":false},"featured_media":6977,"comment_status":"closed","ping_status":"closed","template":"","meta":{"_acf_changed":false},"product_brand":[],"product_cat":[67],"product_tag":[],"class_list":{"0":"post-1898","1":"product","2":"type-product","3":"status-publish","4":"has-post-thumbnail","6":"product_cat-matvara","8":"first","9":"instock","10":"taxable","11":"shipping-taxable","12":"purchasable","13":"product-type-simple"},"acf":[],"jetpack_sharing_enabled":true,"_links":{"self":[{"href":"https:\/\/kallik.is\/en\/wp-json\/wp\/v2\/product\/1898","targetHints":{"allow":["GET"]}}],"collection":[{"href":"https:\/\/kallik.is\/en\/wp-json\/wp\/v2\/product"}],"about":[{"href":"https:\/\/kallik.is\/en\/wp-json\/wp\/v2\/types\/product"}],"replies":[{"embeddable":true,"href":"https:\/\/kallik.is\/en\/wp-json\/wp\/v2\/comments?post=1898"}],"wp:featuredmedia":[{"embeddable":true,"href":"https:\/\/kallik.is\/en\/wp-json\/wp\/v2\/media\/6977"}],"wp:attachment":[{"href":"https:\/\/kallik.is\/en\/wp-json\/wp\/v2\/media?parent=1898"}],"wp:term":[{"taxonomy":"product_brand","embeddable":true,"href":"https:\/\/kallik.is\/en\/wp-json\/wp\/v2\/product_brand?post=1898"},{"taxonomy":"product_cat","embeddable":true,"href":"https:\/\/kallik.is\/en\/wp-json\/wp\/v2\/product_cat?post=1898"},{"taxonomy":"product_tag","embeddable":true,"href":"https:\/\/kallik.is\/en\/wp-json\/wp\/v2\/product_tag?post=1898"}],"curies":[{"name":"wp","href":"https:\/\/api.w.org\/{rel}","templated":true}]}}