{"id":1888,"date":"2024-01-03T16:02:45","date_gmt":"2024-01-03T16:02:45","guid":{"rendered":"https:\/\/kallik.webdev.is\/product\/cirio-pizzu-sosa-12x400g\/"},"modified":"2026-04-22T09:35:39","modified_gmt":"2026-04-22T09:35:39","slug":"cirio-pizzu-sosa-12x400g","status":"publish","type":"product","link":"https:\/\/kallik.is\/en\/product\/cirio-pizzu-sosa-12x400g\/","title":{"rendered":"CIRIO Pizzu s\u00f3sa 12x400gr"},"content":{"rendered":"<p>Saxa\u00a8ir t\u00f3matar 60% (t\u00f3matar, t\u00f3matsafi, s\u00d5rustillir: s\u00edtr\u00f3nus\u00d5ra), t\u00f3matmauk 35%, endurvatna\u00a8ur laukur, repjuol\u00eda, sykur, salt, oregano, basil, majoram<\/p>","protected":false},"excerpt":{"rendered":"<p>Saxa\u00a8ir t\u00f3matar 60% (t\u00f3matar, t\u00f3matsafi, s\u00d5rustillir: s\u00edtr\u00f3nus\u00d5ra), t\u00f3matmauk 35%, endurvatna\u00a8ur laukur, repjuol\u00eda, sykur, salt, oregano, basil, majoram<\/p>","protected":false},"featured_media":6972,"comment_status":"closed","ping_status":"closed","template":"","meta":{"_acf_changed":false},"product_brand":[],"product_cat":[78],"product_tag":[],"class_list":{"0":"post-1888","1":"product","2":"type-product","3":"status-publish","4":"has-post-thumbnail","6":"product_cat-tomatvorur","8":"first","9":"instock","10":"taxable","11":"shipping-taxable","12":"purchasable","13":"product-type-simple"},"acf":[],"jetpack_sharing_enabled":true,"_links":{"self":[{"href":"https:\/\/kallik.is\/en\/wp-json\/wp\/v2\/product\/1888","targetHints":{"allow":["GET"]}}],"collection":[{"href":"https:\/\/kallik.is\/en\/wp-json\/wp\/v2\/product"}],"about":[{"href":"https:\/\/kallik.is\/en\/wp-json\/wp\/v2\/types\/product"}],"replies":[{"embeddable":true,"href":"https:\/\/kallik.is\/en\/wp-json\/wp\/v2\/comments?post=1888"}],"wp:featuredmedia":[{"embeddable":true,"href":"https:\/\/kallik.is\/en\/wp-json\/wp\/v2\/media\/6972"}],"wp:attachment":[{"href":"https:\/\/kallik.is\/en\/wp-json\/wp\/v2\/media?parent=1888"}],"wp:term":[{"taxonomy":"product_brand","embeddable":true,"href":"https:\/\/kallik.is\/en\/wp-json\/wp\/v2\/product_brand?post=1888"},{"taxonomy":"product_cat","embeddable":true,"href":"https:\/\/kallik.is\/en\/wp-json\/wp\/v2\/product_cat?post=1888"},{"taxonomy":"product_tag","embeddable":true,"href":"https:\/\/kallik.is\/en\/wp-json\/wp\/v2\/product_tag?post=1888"}],"curies":[{"name":"wp","href":"https:\/\/api.w.org\/{rel}","templated":true}]}}