{"id":1882,"date":"2024-01-03T16:02:13","date_gmt":"2024-01-03T16:02:13","guid":{"rendered":"https:\/\/kallik.webdev.is\/product\/cirio-passata-ferna-6x1l\/"},"modified":"2026-04-14T15:28:41","modified_gmt":"2026-04-14T15:28:41","slug":"cirio-passata-ferna-6x1l","status":"publish","type":"product","link":"https:\/\/kallik.is\/en\/product\/cirio-passata-ferna-6x1l\/","title":{"rendered":"CIRIO passata ferna 6x1L"},"content":{"rendered":"<p>T\u00f3matar, salt, s\u00d5rustillir: s\u00edtr\u00f3nus\u00d5ra<\/p>","protected":false},"excerpt":{"rendered":"<p>T\u00f3matar, salt, s\u00d5rustillir: s\u00edtr\u00f3nus\u00d5ra<\/p>","protected":false},"featured_media":6969,"comment_status":"closed","ping_status":"closed","template":"","meta":{"_acf_changed":false},"product_brand":[],"product_cat":[67],"product_tag":[],"class_list":{"0":"post-1882","1":"product","2":"type-product","3":"status-publish","4":"has-post-thumbnail","6":"product_cat-matvara","8":"first","9":"instock","10":"taxable","11":"shipping-taxable","12":"purchasable","13":"product-type-simple"},"acf":[],"jetpack_sharing_enabled":true,"_links":{"self":[{"href":"https:\/\/kallik.is\/en\/wp-json\/wp\/v2\/product\/1882","targetHints":{"allow":["GET"]}}],"collection":[{"href":"https:\/\/kallik.is\/en\/wp-json\/wp\/v2\/product"}],"about":[{"href":"https:\/\/kallik.is\/en\/wp-json\/wp\/v2\/types\/product"}],"replies":[{"embeddable":true,"href":"https:\/\/kallik.is\/en\/wp-json\/wp\/v2\/comments?post=1882"}],"wp:featuredmedia":[{"embeddable":true,"href":"https:\/\/kallik.is\/en\/wp-json\/wp\/v2\/media\/6969"}],"wp:attachment":[{"href":"https:\/\/kallik.is\/en\/wp-json\/wp\/v2\/media?parent=1882"}],"wp:term":[{"taxonomy":"product_brand","embeddable":true,"href":"https:\/\/kallik.is\/en\/wp-json\/wp\/v2\/product_brand?post=1882"},{"taxonomy":"product_cat","embeddable":true,"href":"https:\/\/kallik.is\/en\/wp-json\/wp\/v2\/product_cat?post=1882"},{"taxonomy":"product_tag","embeddable":true,"href":"https:\/\/kallik.is\/en\/wp-json\/wp\/v2\/product_tag?post=1882"}],"curies":[{"name":"wp","href":"https:\/\/api.w.org\/{rel}","templated":true}]}}