{"id":1872,"date":"2024-01-03T16:01:29","date_gmt":"2024-01-03T16:01:29","guid":{"rendered":"https:\/\/kallik.webdev.is\/product\/cirio-heilir-tomatar-12x400g\/"},"modified":"2026-04-16T08:43:36","modified_gmt":"2026-04-16T08:43:36","slug":"cirio-heilir-tomatar-12x400g","status":"publish","type":"product","link":"https:\/\/kallik.is\/en\/product\/cirio-heilir-tomatar-12x400g\/","title":{"rendered":"CIRIO heilir t\u00f3matar 12x400gr"},"content":{"rendered":"<p>Skr\u00e6ldir pl\u00f3mut\u00f3matar, t\u00f3matsafi, s\u00d5rustillir: s\u00edtr\u00f3nus\u00d5ra<\/p>","protected":false},"excerpt":{"rendered":"<p>Skr\u00e6ldir pl\u00f3mut\u00f3matar, t\u00f3matsafi, s\u00d5rustillir: s\u00edtr\u00f3nus\u00d5ra<\/p>","protected":false},"featured_media":6964,"comment_status":"closed","ping_status":"closed","template":"","meta":{"_acf_changed":false},"product_brand":[],"product_cat":[67,275],"product_tag":[],"class_list":{"0":"post-1872","1":"product","2":"type-product","3":"status-publish","4":"has-post-thumbnail","6":"product_cat-matvara","7":"product_cat-sirop","9":"first","10":"instock","11":"taxable","12":"shipping-taxable","13":"purchasable","14":"product-type-simple"},"acf":[],"jetpack_sharing_enabled":true,"_links":{"self":[{"href":"https:\/\/kallik.is\/en\/wp-json\/wp\/v2\/product\/1872","targetHints":{"allow":["GET"]}}],"collection":[{"href":"https:\/\/kallik.is\/en\/wp-json\/wp\/v2\/product"}],"about":[{"href":"https:\/\/kallik.is\/en\/wp-json\/wp\/v2\/types\/product"}],"replies":[{"embeddable":true,"href":"https:\/\/kallik.is\/en\/wp-json\/wp\/v2\/comments?post=1872"}],"wp:featuredmedia":[{"embeddable":true,"href":"https:\/\/kallik.is\/en\/wp-json\/wp\/v2\/media\/6964"}],"wp:attachment":[{"href":"https:\/\/kallik.is\/en\/wp-json\/wp\/v2\/media?parent=1872"}],"wp:term":[{"taxonomy":"product_brand","embeddable":true,"href":"https:\/\/kallik.is\/en\/wp-json\/wp\/v2\/product_brand?post=1872"},{"taxonomy":"product_cat","embeddable":true,"href":"https:\/\/kallik.is\/en\/wp-json\/wp\/v2\/product_cat?post=1872"},{"taxonomy":"product_tag","embeddable":true,"href":"https:\/\/kallik.is\/en\/wp-json\/wp\/v2\/product_tag?post=1872"}],"curies":[{"name":"wp","href":"https:\/\/api.w.org\/{rel}","templated":true}]}}