{"id":1636,"date":"2024-01-03T15:42:52","date_gmt":"2024-01-03T15:42:52","guid":{"rendered":"https:\/\/kallik.webdev.is\/product\/teapigs-jasmine-pearls-50-bref\/"},"modified":"2026-03-04T14:41:34","modified_gmt":"2026-03-04T14:41:34","slug":"teapigs-jasmine-pearls-50-bref","status":"publish","type":"product","link":"https:\/\/kallik.is\/en\/product\/teapigs-jasmine-pearls-50-bref\/","title":{"rendered":"Teapigs Jasmine Pearls 50 br\u00e9f"},"content":{"rendered":"<p>Hreint gr\u00e6nt te fr\u00e1 K\u00edna me\u00f0 jasm\u00ednbl\u00f3mum.<\/p>","protected":false},"excerpt":{"rendered":"<p>Hreint gr\u00e6nt te fr\u00e1 K\u00edna me\u00f0 jasm\u00ednbl\u00f3mum.<\/p>","protected":false},"featured_media":6844,"comment_status":"closed","ping_status":"closed","template":"","meta":{"_acf_changed":false},"product_brand":[],"product_cat":[169],"product_tag":[],"class_list":{"0":"post-1636","1":"product","2":"type-product","3":"status-publish","4":"has-post-thumbnail","6":"product_cat-50bref","8":"first","9":"instock","10":"taxable","11":"shipping-taxable","12":"purchasable","13":"product-type-simple"},"acf":[],"jetpack_sharing_enabled":true,"_links":{"self":[{"href":"https:\/\/kallik.is\/en\/wp-json\/wp\/v2\/product\/1636","targetHints":{"allow":["GET"]}}],"collection":[{"href":"https:\/\/kallik.is\/en\/wp-json\/wp\/v2\/product"}],"about":[{"href":"https:\/\/kallik.is\/en\/wp-json\/wp\/v2\/types\/product"}],"replies":[{"embeddable":true,"href":"https:\/\/kallik.is\/en\/wp-json\/wp\/v2\/comments?post=1636"}],"wp:featuredmedia":[{"embeddable":true,"href":"https:\/\/kallik.is\/en\/wp-json\/wp\/v2\/media\/6844"}],"wp:attachment":[{"href":"https:\/\/kallik.is\/en\/wp-json\/wp\/v2\/media?parent=1636"}],"wp:term":[{"taxonomy":"product_brand","embeddable":true,"href":"https:\/\/kallik.is\/en\/wp-json\/wp\/v2\/product_brand?post=1636"},{"taxonomy":"product_cat","embeddable":true,"href":"https:\/\/kallik.is\/en\/wp-json\/wp\/v2\/product_cat?post=1636"},{"taxonomy":"product_tag","embeddable":true,"href":"https:\/\/kallik.is\/en\/wp-json\/wp\/v2\/product_tag?post=1636"}],"curies":[{"name":"wp","href":"https:\/\/api.w.org\/{rel}","templated":true}]}}