{"id":1634,"date":"2024-01-03T15:42:40","date_gmt":"2024-01-03T15:42:40","guid":{"rendered":"https:\/\/kallik.webdev.is\/product\/teapigs-chai-tea-50-bref\/"},"modified":"2026-02-23T14:51:20","modified_gmt":"2026-02-23T14:51:20","slug":"teapigs-chai-tea-50-bref","status":"publish","type":"product","link":"https:\/\/kallik.is\/en\/product\/teapigs-chai-tea-50-bref\/","title":{"rendered":"Teapigs Chai tea 50 br\u00e9f"},"content":{"rendered":"<p>Assam svart te, kanill, engifer, kardimommuf\u00e6ringar, vanilla, n\u00e1tt\u00farulegt kanilbrag\u00f0, \u00f6nnur n\u00e1tt\u00faruleg brag\u00f0efni.<\/p>","protected":false},"excerpt":{"rendered":"<p>Assam svart te, kanill, engifer, kardimommuf\u00e6ringar, vanilla, n\u00e1tt\u00farulegt kanilbrag\u00f0, \u00f6nnur n\u00e1tt\u00faruleg brag\u00f0efni.<\/p>","protected":false},"featured_media":6843,"comment_status":"closed","ping_status":"closed","template":"","meta":{"_acf_changed":false},"product_brand":[],"product_cat":[169],"product_tag":[],"class_list":{"0":"post-1634","1":"product","2":"type-product","3":"status-publish","4":"has-post-thumbnail","6":"product_cat-50bref","8":"first","9":"instock","10":"taxable","11":"shipping-taxable","12":"purchasable","13":"product-type-simple"},"acf":[],"jetpack_sharing_enabled":true,"_links":{"self":[{"href":"https:\/\/kallik.is\/en\/wp-json\/wp\/v2\/product\/1634","targetHints":{"allow":["GET"]}}],"collection":[{"href":"https:\/\/kallik.is\/en\/wp-json\/wp\/v2\/product"}],"about":[{"href":"https:\/\/kallik.is\/en\/wp-json\/wp\/v2\/types\/product"}],"replies":[{"embeddable":true,"href":"https:\/\/kallik.is\/en\/wp-json\/wp\/v2\/comments?post=1634"}],"wp:featuredmedia":[{"embeddable":true,"href":"https:\/\/kallik.is\/en\/wp-json\/wp\/v2\/media\/6843"}],"wp:attachment":[{"href":"https:\/\/kallik.is\/en\/wp-json\/wp\/v2\/media?parent=1634"}],"wp:term":[{"taxonomy":"product_brand","embeddable":true,"href":"https:\/\/kallik.is\/en\/wp-json\/wp\/v2\/product_brand?post=1634"},{"taxonomy":"product_cat","embeddable":true,"href":"https:\/\/kallik.is\/en\/wp-json\/wp\/v2\/product_cat?post=1634"},{"taxonomy":"product_tag","embeddable":true,"href":"https:\/\/kallik.is\/en\/wp-json\/wp\/v2\/product_tag?post=1634"}],"curies":[{"name":"wp","href":"https:\/\/api.w.org\/{rel}","templated":true}]}}