{"id":1632,"date":"2024-01-03T15:42:30","date_gmt":"2024-01-03T15:42:30","guid":{"rendered":"https:\/\/kallik.webdev.is\/product\/teapigs-lem-ginger-50-bref-caffeine-free\/"},"modified":"2026-03-30T09:36:33","modified_gmt":"2026-03-30T09:36:33","slug":"teapigs-lem-ginger-50-bref-caffeine-free","status":"publish","type":"product","link":"https:\/\/kallik.is\/en\/product\/teapigs-lem-ginger-50-bref-caffeine-free\/","title":{"rendered":"Teapigs Lemon&amp;Ginger 50 br\u00e9f Caffeine free"},"content":{"rendered":"<p>Engifer, s\u00edtr\u00f3nugras, s\u00edtr\u00f3nub\u00f6rkur, lakkr\u00edsr\u00f3t.<\/p>","protected":false},"excerpt":{"rendered":"<p>Engifer, s\u00edtr\u00f3nugras, s\u00edtr\u00f3nub\u00f6rkur, lakkr\u00edsr\u00f3t.<\/p>","protected":false},"featured_media":6842,"comment_status":"closed","ping_status":"closed","template":"","meta":{"_acf_changed":false},"product_brand":[],"product_cat":[169],"product_tag":[],"class_list":{"0":"post-1632","1":"product","2":"type-product","3":"status-publish","4":"has-post-thumbnail","6":"product_cat-50bref","8":"first","9":"instock","10":"taxable","11":"shipping-taxable","12":"purchasable","13":"product-type-simple"},"acf":[],"jetpack_sharing_enabled":true,"_links":{"self":[{"href":"https:\/\/kallik.is\/en\/wp-json\/wp\/v2\/product\/1632","targetHints":{"allow":["GET"]}}],"collection":[{"href":"https:\/\/kallik.is\/en\/wp-json\/wp\/v2\/product"}],"about":[{"href":"https:\/\/kallik.is\/en\/wp-json\/wp\/v2\/types\/product"}],"replies":[{"embeddable":true,"href":"https:\/\/kallik.is\/en\/wp-json\/wp\/v2\/comments?post=1632"}],"wp:featuredmedia":[{"embeddable":true,"href":"https:\/\/kallik.is\/en\/wp-json\/wp\/v2\/media\/6842"}],"wp:attachment":[{"href":"https:\/\/kallik.is\/en\/wp-json\/wp\/v2\/media?parent=1632"}],"wp:term":[{"taxonomy":"product_brand","embeddable":true,"href":"https:\/\/kallik.is\/en\/wp-json\/wp\/v2\/product_brand?post=1632"},{"taxonomy":"product_cat","embeddable":true,"href":"https:\/\/kallik.is\/en\/wp-json\/wp\/v2\/product_cat?post=1632"},{"taxonomy":"product_tag","embeddable":true,"href":"https:\/\/kallik.is\/en\/wp-json\/wp\/v2\/product_tag?post=1632"}],"curies":[{"name":"wp","href":"https:\/\/api.w.org\/{rel}","templated":true}]}}