{"id":1630,"date":"2024-01-03T15:42:21","date_gmt":"2024-01-03T15:42:21","guid":{"rendered":"https:\/\/kallik.webdev.is\/product\/teapigs-liquor-mint-50-bref-caffeine-free\/"},"modified":"2026-03-05T13:04:43","modified_gmt":"2026-03-05T13:04:43","slug":"teapigs-liquor-mint-50-bref-caffeine-free","status":"publish","type":"product","link":"https:\/\/kallik.is\/en\/product\/teapigs-liquor-mint-50-bref-caffeine-free\/","title":{"rendered":"Teapigs Liquor.&amp;Mint 50 br\u00e9f Caffeine free"},"content":{"rendered":"<p>Lakkr\u00edsr\u00f3t og piparmyntubl\u00f6\u00a8.<\/p>\n<p><\/p>\n<p> \u00d0etta te inniheldur lakkr\u00edsr\u00f3t, sem ranns\u00f3knir hafa s\u00d5nt a\u00a8 getur hugsanlega h\u00e6kka\u00a8 bl\u00f3\u00a8\u00cfr\u00d5sting ef \u00cfa\u00a8 er teki\u00a8 \u00f3h\u00f3flega \u009d vi\u00a8 m\u00e6lum me\u00a8 a\u00a8 f\u00f3lk me\u00a8 h\u00e1an bl\u00f3\u00a8\u00cfr\u00d5sting takmarki neyslu vi\u00a8 einn bolla \u00e1 dag.<\/p>","protected":false},"excerpt":{"rendered":"<p>Lakkr\u00edsr\u00f3t og piparmyntubl\u00f6\u00a8. \u00d0etta te inniheldur lakkr\u00edsr\u00f3t, sem ranns\u00f3knir hafa s\u00d5nt a\u00a8 getur hugsanlega h\u00e6kka\u00a8 bl\u00f3\u00a8\u00cfr\u00d5sting ef \u00cfa\u00a8 er teki\u00a8 \u00f3h\u00f3flega \u009d vi\u00a8 m\u00e6lum me\u00a8 a\u00a8 f\u00f3lk me\u00a8 h\u00e1an bl\u00f3\u00a8\u00cfr\u00d5sting takmarki neyslu vi\u00a8 einn bolla \u00e1 dag.<\/p>","protected":false},"featured_media":6841,"comment_status":"closed","ping_status":"closed","template":"","meta":{"_acf_changed":false},"product_brand":[],"product_cat":[169],"product_tag":[],"class_list":{"0":"post-1630","1":"product","2":"type-product","3":"status-publish","4":"has-post-thumbnail","6":"product_cat-50bref","8":"first","9":"instock","10":"taxable","11":"shipping-taxable","12":"purchasable","13":"product-type-simple"},"acf":[],"jetpack_sharing_enabled":true,"_links":{"self":[{"href":"https:\/\/kallik.is\/en\/wp-json\/wp\/v2\/product\/1630","targetHints":{"allow":["GET"]}}],"collection":[{"href":"https:\/\/kallik.is\/en\/wp-json\/wp\/v2\/product"}],"about":[{"href":"https:\/\/kallik.is\/en\/wp-json\/wp\/v2\/types\/product"}],"replies":[{"embeddable":true,"href":"https:\/\/kallik.is\/en\/wp-json\/wp\/v2\/comments?post=1630"}],"wp:featuredmedia":[{"embeddable":true,"href":"https:\/\/kallik.is\/en\/wp-json\/wp\/v2\/media\/6841"}],"wp:attachment":[{"href":"https:\/\/kallik.is\/en\/wp-json\/wp\/v2\/media?parent=1630"}],"wp:term":[{"taxonomy":"product_brand","embeddable":true,"href":"https:\/\/kallik.is\/en\/wp-json\/wp\/v2\/product_brand?post=1630"},{"taxonomy":"product_cat","embeddable":true,"href":"https:\/\/kallik.is\/en\/wp-json\/wp\/v2\/product_cat?post=1630"},{"taxonomy":"product_tag","embeddable":true,"href":"https:\/\/kallik.is\/en\/wp-json\/wp\/v2\/product_tag?post=1630"}],"curies":[{"name":"wp","href":"https:\/\/api.w.org\/{rel}","templated":true}]}}