{"id":1620,"date":"2024-01-03T15:41:27","date_gmt":"2024-01-03T15:41:27","guid":{"rendered":"https:\/\/kallik.webdev.is\/product\/teapigs-darjeeling-earl-grey-50-bref\/"},"modified":"2026-04-14T13:54:21","modified_gmt":"2026-04-14T13:54:21","slug":"teapigs-darjeeling-earl-grey-50-bref","status":"publish","type":"product","link":"https:\/\/kallik.is\/en\/product\/teapigs-darjeeling-earl-grey-50-bref\/","title":{"rendered":"Teapigs Darjeeling Earl Grey 50 br\u00e9f"},"content":{"rendered":"<p>Svart te fr\u00e1 Darjeeling, kornbl\u00f3m, n\u00e1tt\u00farulegt bergamot brag\u00f0.<\/p>","protected":false},"excerpt":{"rendered":"<p>Svart te fr\u00e1 Darjeeling, kornbl\u00f3m, n\u00e1tt\u00farulegt bergamot brag\u00f0.<\/p>","protected":false},"featured_media":6836,"comment_status":"closed","ping_status":"closed","template":"","meta":{"_acf_changed":false},"product_brand":[],"product_cat":[169],"product_tag":[],"class_list":{"0":"post-1620","1":"product","2":"type-product","3":"status-publish","4":"has-post-thumbnail","6":"product_cat-50bref","8":"first","9":"outofstock","10":"taxable","11":"shipping-taxable","12":"purchasable","13":"product-type-simple"},"acf":[],"jetpack_sharing_enabled":true,"_links":{"self":[{"href":"https:\/\/kallik.is\/en\/wp-json\/wp\/v2\/product\/1620","targetHints":{"allow":["GET"]}}],"collection":[{"href":"https:\/\/kallik.is\/en\/wp-json\/wp\/v2\/product"}],"about":[{"href":"https:\/\/kallik.is\/en\/wp-json\/wp\/v2\/types\/product"}],"replies":[{"embeddable":true,"href":"https:\/\/kallik.is\/en\/wp-json\/wp\/v2\/comments?post=1620"}],"wp:featuredmedia":[{"embeddable":true,"href":"https:\/\/kallik.is\/en\/wp-json\/wp\/v2\/media\/6836"}],"wp:attachment":[{"href":"https:\/\/kallik.is\/en\/wp-json\/wp\/v2\/media?parent=1620"}],"wp:term":[{"taxonomy":"product_brand","embeddable":true,"href":"https:\/\/kallik.is\/en\/wp-json\/wp\/v2\/product_brand?post=1620"},{"taxonomy":"product_cat","embeddable":true,"href":"https:\/\/kallik.is\/en\/wp-json\/wp\/v2\/product_cat?post=1620"},{"taxonomy":"product_tag","embeddable":true,"href":"https:\/\/kallik.is\/en\/wp-json\/wp\/v2\/product_tag?post=1620"}],"curies":[{"name":"wp","href":"https:\/\/api.w.org\/{rel}","templated":true}]}}