{"id":1618,"date":"2024-01-03T15:41:17","date_gmt":"2024-01-03T15:41:17","guid":{"rendered":"https:\/\/kallik.webdev.is\/product\/teapigs-english-breakfast-50-bref\/"},"modified":"2026-03-11T12:24:48","modified_gmt":"2026-03-11T12:24:48","slug":"teapigs-english-breakfast-50-bref","status":"publish","type":"product","link":"https:\/\/kallik.is\/en\/product\/teapigs-english-breakfast-50-bref\/","title":{"rendered":"Teapigs English Breakfast 50 br\u00e9f"},"content":{"rendered":"<p>Svart te fr\u00e1 Assam, R\u00faanda og Ceylon.<\/p>","protected":false},"excerpt":{"rendered":"<p>Svart te fr\u00e1 Assam, R\u00faanda og Ceylon.<\/p>","protected":false},"featured_media":6835,"comment_status":"closed","ping_status":"closed","template":"","meta":{"_acf_changed":false},"product_brand":[],"product_cat":[169],"product_tag":[],"class_list":{"0":"post-1618","1":"product","2":"type-product","3":"status-publish","4":"has-post-thumbnail","6":"product_cat-50bref","8":"first","9":"outofstock","10":"taxable","11":"shipping-taxable","12":"purchasable","13":"product-type-simple"},"acf":[],"jetpack_sharing_enabled":true,"_links":{"self":[{"href":"https:\/\/kallik.is\/en\/wp-json\/wp\/v2\/product\/1618","targetHints":{"allow":["GET"]}}],"collection":[{"href":"https:\/\/kallik.is\/en\/wp-json\/wp\/v2\/product"}],"about":[{"href":"https:\/\/kallik.is\/en\/wp-json\/wp\/v2\/types\/product"}],"replies":[{"embeddable":true,"href":"https:\/\/kallik.is\/en\/wp-json\/wp\/v2\/comments?post=1618"}],"wp:featuredmedia":[{"embeddable":true,"href":"https:\/\/kallik.is\/en\/wp-json\/wp\/v2\/media\/6835"}],"wp:attachment":[{"href":"https:\/\/kallik.is\/en\/wp-json\/wp\/v2\/media?parent=1618"}],"wp:term":[{"taxonomy":"product_brand","embeddable":true,"href":"https:\/\/kallik.is\/en\/wp-json\/wp\/v2\/product_brand?post=1618"},{"taxonomy":"product_cat","embeddable":true,"href":"https:\/\/kallik.is\/en\/wp-json\/wp\/v2\/product_cat?post=1618"},{"taxonomy":"product_tag","embeddable":true,"href":"https:\/\/kallik.is\/en\/wp-json\/wp\/v2\/product_tag?post=1618"}],"curies":[{"name":"wp","href":"https:\/\/api.w.org\/{rel}","templated":true}]}}