{"id":1616,"date":"2024-01-03T15:41:07","date_gmt":"2024-01-03T15:41:07","guid":{"rendered":"https:\/\/kallik.webdev.is\/product\/teapigs-sweet-ginger-50-bref-caffeine-free\/"},"modified":"2025-10-07T17:05:31","modified_gmt":"2025-10-07T17:05:31","slug":"teapigs-sweet-ginger-50-bref-caffeine-free","status":"publish","type":"product","link":"https:\/\/kallik.is\/en\/product\/teapigs-sweet-ginger-50-bref-caffeine-free\/","title":{"rendered":"Teapigs Sweet Ginger 50 br\u00e9f Caffeine free"},"content":{"rendered":"<p>Engifer, lakkr\u00edsr\u00f3t, kanill. <\/p>\n<p><\/p>\n<p>\u00deetta te inniheldur lakkr\u00edsr\u00f3t, sem ranns\u00f3knir hafa s\u00fdnt a\u00f0 getur hugsanlega h\u00e6kka\u00f0 bl\u00f3\u00f0\u00fer\u00fdsting ef \u00fea\u00f0 er teki\u00f0 \u00f3h\u00f3flega \u2013 vi\u00f0 m\u00e6lum me\u00f0 a\u00f0 f\u00f3lk me\u00f0 h\u00e1an bl\u00f3\u00f0\u00fer\u00fdsting takmarki neyslu vi\u00f0 einn bolla \u00e1 dag.<\/p>","protected":false},"excerpt":{"rendered":"<p>Engifer, lakkr\u00edsr\u00f3t, kanill. \u00deetta te inniheldur lakkr\u00edsr\u00f3t, sem ranns\u00f3knir hafa s\u00fdnt a\u00f0 getur hugsanlega h\u00e6kka\u00f0 bl\u00f3\u00f0\u00fer\u00fdsting ef \u00fea\u00f0 er teki\u00f0 \u00f3h\u00f3flega \u2013 vi\u00f0 m\u00e6lum me\u00f0 a\u00f0 f\u00f3lk me\u00f0 h\u00e1an bl\u00f3\u00f0\u00fer\u00fdsting takmarki neyslu vi\u00f0 einn bolla \u00e1 dag.<\/p>","protected":false},"featured_media":6834,"comment_status":"closed","ping_status":"closed","template":"","meta":{"_acf_changed":false},"product_brand":[],"product_cat":[169],"product_tag":[],"class_list":{"0":"post-1616","1":"product","2":"type-product","3":"status-publish","4":"has-post-thumbnail","6":"product_cat-50bref","8":"first","9":"outofstock","10":"taxable","11":"shipping-taxable","12":"purchasable","13":"product-type-simple"},"acf":[],"jetpack_sharing_enabled":true,"_links":{"self":[{"href":"https:\/\/kallik.is\/en\/wp-json\/wp\/v2\/product\/1616","targetHints":{"allow":["GET"]}}],"collection":[{"href":"https:\/\/kallik.is\/en\/wp-json\/wp\/v2\/product"}],"about":[{"href":"https:\/\/kallik.is\/en\/wp-json\/wp\/v2\/types\/product"}],"replies":[{"embeddable":true,"href":"https:\/\/kallik.is\/en\/wp-json\/wp\/v2\/comments?post=1616"}],"wp:featuredmedia":[{"embeddable":true,"href":"https:\/\/kallik.is\/en\/wp-json\/wp\/v2\/media\/6834"}],"wp:attachment":[{"href":"https:\/\/kallik.is\/en\/wp-json\/wp\/v2\/media?parent=1616"}],"wp:term":[{"taxonomy":"product_brand","embeddable":true,"href":"https:\/\/kallik.is\/en\/wp-json\/wp\/v2\/product_brand?post=1616"},{"taxonomy":"product_cat","embeddable":true,"href":"https:\/\/kallik.is\/en\/wp-json\/wp\/v2\/product_cat?post=1616"},{"taxonomy":"product_tag","embeddable":true,"href":"https:\/\/kallik.is\/en\/wp-json\/wp\/v2\/product_tag?post=1616"}],"curies":[{"name":"wp","href":"https:\/\/api.w.org\/{rel}","templated":true}]}}