{"id":1594,"date":"2024-01-03T15:39:44","date_gmt":"2024-01-03T15:39:44","guid":{"rendered":"https:\/\/kallik.webdev.is\/product\/teapigs-chai-tea-50-grisjur\/"},"modified":"2026-04-10T08:49:55","modified_gmt":"2026-04-10T08:49:55","slug":"teapigs-chai-tea-50-grisjur","status":"publish","type":"product","link":"https:\/\/kallik.is\/en\/product\/teapigs-chai-tea-50-grisjur\/","title":{"rendered":"Teapigs Chai Tea 50 grisjur"},"content":{"rendered":"<p>Assam svart te, kanill, engifer, kardimommuf\u00e6ringar, vanilla, n\u00e1tt\u00farulegt kanilbrag\u00f0, \u00f6nnur n\u00e1tt\u00faruleg brag\u00f0efni.<\/p>","protected":false},"excerpt":{"rendered":"<p>Assam svart te, kanill, engifer, kardimommuf\u00e6ringar, vanilla, n\u00e1tt\u00farulegt kanilbrag\u00f0, \u00f6nnur n\u00e1tt\u00faruleg brag\u00f0efni.<\/p>","protected":false},"featured_media":6823,"comment_status":"closed","ping_status":"closed","template":"","meta":{"_acf_changed":false},"product_brand":[],"product_cat":[168],"product_tag":[],"class_list":{"0":"post-1594","1":"product","2":"type-product","3":"status-publish","4":"has-post-thumbnail","6":"product_cat-50s","8":"first","9":"instock","10":"taxable","11":"shipping-taxable","12":"purchasable","13":"product-type-simple"},"acf":[],"jetpack_sharing_enabled":true,"_links":{"self":[{"href":"https:\/\/kallik.is\/en\/wp-json\/wp\/v2\/product\/1594","targetHints":{"allow":["GET"]}}],"collection":[{"href":"https:\/\/kallik.is\/en\/wp-json\/wp\/v2\/product"}],"about":[{"href":"https:\/\/kallik.is\/en\/wp-json\/wp\/v2\/types\/product"}],"replies":[{"embeddable":true,"href":"https:\/\/kallik.is\/en\/wp-json\/wp\/v2\/comments?post=1594"}],"wp:featuredmedia":[{"embeddable":true,"href":"https:\/\/kallik.is\/en\/wp-json\/wp\/v2\/media\/6823"}],"wp:attachment":[{"href":"https:\/\/kallik.is\/en\/wp-json\/wp\/v2\/media?parent=1594"}],"wp:term":[{"taxonomy":"product_brand","embeddable":true,"href":"https:\/\/kallik.is\/en\/wp-json\/wp\/v2\/product_brand?post=1594"},{"taxonomy":"product_cat","embeddable":true,"href":"https:\/\/kallik.is\/en\/wp-json\/wp\/v2\/product_cat?post=1594"},{"taxonomy":"product_tag","embeddable":true,"href":"https:\/\/kallik.is\/en\/wp-json\/wp\/v2\/product_tag?post=1594"}],"curies":[{"name":"wp","href":"https:\/\/api.w.org\/{rel}","templated":true}]}}