{"id":1566,"date":"2024-01-03T15:38:14","date_gmt":"2024-01-03T15:38:14","guid":{"rendered":"https:\/\/kallik.webdev.is\/product\/teapigs-liquorice-peppermint-6x15\/"},"modified":"2026-02-25T15:05:14","modified_gmt":"2026-02-25T15:05:14","slug":"teapigs-liquorice-peppermint-6x15","status":"publish","type":"product","link":"https:\/\/kallik.is\/en\/product\/teapigs-liquorice-peppermint-6x15\/","title":{"rendered":"Teapigs Liquorice &amp; Peppermint 15&#8217;s"},"content":{"rendered":"<p>Lakkr\u00edsr\u00f3t og piparmyntubl\u00f6\u00a8.<\/p>\n<p>\u00d0etta te inniheldur lakkr\u00edsr\u00f3t, sem ranns\u00f3knir hafa s\u00d5nt a\u00a8 getur hugsanlega h\u00e6kka\u00a8 bl\u00f3\u00a8\u00cfr\u00d5sting ef \u00cfa\u00a8 er teki\u00a8 \u00f3h\u00f3flega &#8211; vi\u00a8 m\u00e6lum me\u00a8 a\u00a8 f\u00f3lk me\u00a8 h\u00e1an bl\u00f3\u00a8\u00cfr\u00d5sting takmarki neyslu vi\u00a8 einn bolla \u00e1 dag.<\/p>\n<p><\/p>","protected":false},"excerpt":{"rendered":"<p>Lakkr\u00edsr\u00f3t og piparmyntubl\u00f6\u00a8. \u00d0etta te inniheldur lakkr\u00edsr\u00f3t, sem ranns\u00f3knir hafa s\u00d5nt a\u00a8 getur hugsanlega h\u00e6kka\u00a8 bl\u00f3\u00a8\u00cfr\u00d5sting ef \u00cfa\u00a8 er teki\u00a8 \u00f3h\u00f3flega &#8211; vi\u00a8 m\u00e6lum me\u00a8 a\u00a8 f\u00f3lk me\u00a8 h\u00e1an bl\u00f3\u00a8\u00cfr\u00d5sting takmarki neyslu vi\u00a8 einn bolla \u00e1 dag.<\/p>","protected":false},"featured_media":6809,"comment_status":"closed","ping_status":"closed","template":"","meta":{"_acf_changed":false},"product_brand":[],"product_cat":[167],"product_tag":[],"class_list":{"0":"post-1566","1":"product","2":"type-product","3":"status-publish","4":"has-post-thumbnail","6":"product_cat-15s","8":"first","9":"instock","10":"taxable","11":"shipping-taxable","12":"purchasable","13":"product-type-simple"},"acf":[],"jetpack_sharing_enabled":true,"_links":{"self":[{"href":"https:\/\/kallik.is\/en\/wp-json\/wp\/v2\/product\/1566","targetHints":{"allow":["GET"]}}],"collection":[{"href":"https:\/\/kallik.is\/en\/wp-json\/wp\/v2\/product"}],"about":[{"href":"https:\/\/kallik.is\/en\/wp-json\/wp\/v2\/types\/product"}],"replies":[{"embeddable":true,"href":"https:\/\/kallik.is\/en\/wp-json\/wp\/v2\/comments?post=1566"}],"wp:featuredmedia":[{"embeddable":true,"href":"https:\/\/kallik.is\/en\/wp-json\/wp\/v2\/media\/6809"}],"wp:attachment":[{"href":"https:\/\/kallik.is\/en\/wp-json\/wp\/v2\/media?parent=1566"}],"wp:term":[{"taxonomy":"product_brand","embeddable":true,"href":"https:\/\/kallik.is\/en\/wp-json\/wp\/v2\/product_brand?post=1566"},{"taxonomy":"product_cat","embeddable":true,"href":"https:\/\/kallik.is\/en\/wp-json\/wp\/v2\/product_cat?post=1566"},{"taxonomy":"product_tag","embeddable":true,"href":"https:\/\/kallik.is\/en\/wp-json\/wp\/v2\/product_tag?post=1566"}],"curies":[{"name":"wp","href":"https:\/\/api.w.org\/{rel}","templated":true}]}}