{"id":1564,"date":"2024-01-03T15:38:07","date_gmt":"2024-01-03T15:38:07","guid":{"rendered":"https:\/\/kallik.webdev.is\/product\/teapigs-jasmine-pearls-6x15\/"},"modified":"2025-12-03T11:52:25","modified_gmt":"2025-12-03T11:52:25","slug":"teapigs-jasmine-pearls-6x15","status":"publish","type":"product","link":"https:\/\/kallik.is\/en\/product\/teapigs-jasmine-pearls-6x15\/","title":{"rendered":"Teapigs Jasmine Pearls 15&#8217;s"},"content":{"rendered":"<p>Hreint gr\u00e6nt te fr\u00e1 K\u00edna me\u00f0 jasm\u00ednbl\u00f3mum.<\/p>","protected":false},"excerpt":{"rendered":"<p>Hreint gr\u00e6nt te fr\u00e1 K\u00edna me\u00f0 jasm\u00ednbl\u00f3mum.<\/p>","protected":false},"featured_media":6808,"comment_status":"closed","ping_status":"closed","template":"","meta":{"_acf_changed":false},"product_brand":[],"product_cat":[167],"product_tag":[],"class_list":{"0":"post-1564","1":"product","2":"type-product","3":"status-publish","4":"has-post-thumbnail","6":"product_cat-15s","8":"first","9":"outofstock","10":"taxable","11":"shipping-taxable","12":"purchasable","13":"product-type-simple"},"acf":[],"jetpack_sharing_enabled":true,"_links":{"self":[{"href":"https:\/\/kallik.is\/en\/wp-json\/wp\/v2\/product\/1564","targetHints":{"allow":["GET"]}}],"collection":[{"href":"https:\/\/kallik.is\/en\/wp-json\/wp\/v2\/product"}],"about":[{"href":"https:\/\/kallik.is\/en\/wp-json\/wp\/v2\/types\/product"}],"replies":[{"embeddable":true,"href":"https:\/\/kallik.is\/en\/wp-json\/wp\/v2\/comments?post=1564"}],"wp:featuredmedia":[{"embeddable":true,"href":"https:\/\/kallik.is\/en\/wp-json\/wp\/v2\/media\/6808"}],"wp:attachment":[{"href":"https:\/\/kallik.is\/en\/wp-json\/wp\/v2\/media?parent=1564"}],"wp:term":[{"taxonomy":"product_brand","embeddable":true,"href":"https:\/\/kallik.is\/en\/wp-json\/wp\/v2\/product_brand?post=1564"},{"taxonomy":"product_cat","embeddable":true,"href":"https:\/\/kallik.is\/en\/wp-json\/wp\/v2\/product_cat?post=1564"},{"taxonomy":"product_tag","embeddable":true,"href":"https:\/\/kallik.is\/en\/wp-json\/wp\/v2\/product_tag?post=1564"}],"curies":[{"name":"wp","href":"https:\/\/api.w.org\/{rel}","templated":true}]}}