{"id":1560,"date":"2024-01-03T15:37:54","date_gmt":"2024-01-03T15:37:54","guid":{"rendered":"https:\/\/kallik.webdev.is\/product\/teapigs-spiced-winter-red-6x15\/"},"modified":"2026-02-10T14:03:53","modified_gmt":"2026-02-10T14:03:53","slug":"teapigs-spiced-winter-red-6x15","status":"publish","type":"product","link":"https:\/\/kallik.is\/en\/product\/teapigs-spiced-winter-red-6x15\/","title":{"rendered":"Teapigs Spiced Winter Red 15&#8217;s"},"content":{"rendered":"<p>Rooibos, n\u00e1tt\u00faruleg brag\u00a8efni, appels\u00ednub\u00f6rkur, gink\u00f3lauf, appels\u00ednubl\u00f3m, kanill, ginseng, negull, safflorbl\u00f3m.<\/p>","protected":false},"excerpt":{"rendered":"<p>Rooibos, n\u00e1tt\u00faruleg brag\u00a8efni, appels\u00ednub\u00f6rkur, gink\u00f3lauf, appels\u00ednubl\u00f3m, kanill, ginseng, negull, safflorbl\u00f3m.<\/p>","protected":false},"featured_media":6806,"comment_status":"closed","ping_status":"closed","template":"","meta":{"_acf_changed":false},"product_brand":[],"product_cat":[167],"product_tag":[],"class_list":{"0":"post-1560","1":"product","2":"type-product","3":"status-publish","4":"has-post-thumbnail","6":"product_cat-15s","8":"first","9":"instock","10":"taxable","11":"shipping-taxable","12":"purchasable","13":"product-type-simple"},"acf":[],"jetpack_sharing_enabled":true,"_links":{"self":[{"href":"https:\/\/kallik.is\/en\/wp-json\/wp\/v2\/product\/1560","targetHints":{"allow":["GET"]}}],"collection":[{"href":"https:\/\/kallik.is\/en\/wp-json\/wp\/v2\/product"}],"about":[{"href":"https:\/\/kallik.is\/en\/wp-json\/wp\/v2\/types\/product"}],"replies":[{"embeddable":true,"href":"https:\/\/kallik.is\/en\/wp-json\/wp\/v2\/comments?post=1560"}],"wp:featuredmedia":[{"embeddable":true,"href":"https:\/\/kallik.is\/en\/wp-json\/wp\/v2\/media\/6806"}],"wp:attachment":[{"href":"https:\/\/kallik.is\/en\/wp-json\/wp\/v2\/media?parent=1560"}],"wp:term":[{"taxonomy":"product_brand","embeddable":true,"href":"https:\/\/kallik.is\/en\/wp-json\/wp\/v2\/product_brand?post=1560"},{"taxonomy":"product_cat","embeddable":true,"href":"https:\/\/kallik.is\/en\/wp-json\/wp\/v2\/product_cat?post=1560"},{"taxonomy":"product_tag","embeddable":true,"href":"https:\/\/kallik.is\/en\/wp-json\/wp\/v2\/product_tag?post=1560"}],"curies":[{"name":"wp","href":"https:\/\/api.w.org\/{rel}","templated":true}]}}