{"id":1482,"date":"2024-01-03T15:31:07","date_gmt":"2024-01-03T15:31:07","guid":{"rendered":"https:\/\/kallik.webdev.is\/product\/arpeggio-nerello-750ml\/"},"modified":"2026-04-15T14:13:42","modified_gmt":"2026-04-15T14:13:42","slug":"arpeggio-nerello-750ml","status":"publish","type":"product","link":"https:\/\/kallik.is\/en\/product\/arpeggio-nerello-750ml\/","title":{"rendered":"Arpeggio Nerello Mascalesec"},"content":{"rendered":"<p>Arpeggio l\u00ednan kemur fr\u00e1 Sikileyju og samanstendur af rau\u00a8u, hv\u00edtu og r\u00f3sa v\u00edni, styrkleiki 12%.&nbsp; Framleidd af ca 2000 fj\u00f6ldskyldum sem koma saman og deila me\u00a8 s\u00e9r af sinni v\u00ednkunn\u00e1ttu.&nbsp; Velkomin a\u00a8 k\u00edkja \u00e1 heimsas\u00ed\u00a8u \u00cfeirra&nbsp;<a href=\"https:\/\/settesoli.com\/our-story\/\"><a href=\"https:\/\/settesoli.com\/our-story\" target=\"_blank\">smelli\u00a8 h\u00e9r<\/a><\/a>.&nbsp; G\u00f3\u00a8 \u00f3d\u00d5r einf\u00f6ld v\u00edn sem passa vel fyrir veislur og allar samkomur.&nbsp;&nbsp;&nbsp;<\/p>","protected":false},"excerpt":{"rendered":"<p>Arpeggio l\u00ednan kemur fr\u00e1 Sikileyju og samanstendur af rau\u00a8u, hv\u00edtu og r\u00f3sa v\u00edni, styrkleiki 12%.&nbsp; Framleidd af ca 2000 fj\u00f6ldskyldum sem koma saman og deila me\u00a8 s\u00e9r af sinni v\u00ednkunn\u00e1ttu.&nbsp; Velkomin a\u00a8 k\u00edkja \u00e1 heimsas\u00ed\u00a8u \u00cfeirra&nbsp;smelli\u00a8 h\u00e9r.&nbsp; G\u00f3\u00a8 \u00f3d\u00d5r einf\u00f6ld v\u00edn sem passa vel fyrir veislur og allar samkomur.&nbsp;&nbsp;&nbsp;<\/p>","protected":false},"featured_media":6716,"comment_status":"closed","ping_status":"closed","template":"","meta":{"_acf_changed":false},"product_brand":[],"product_cat":[43],"product_tag":[],"class_list":{"0":"post-1482","1":"product","2":"type-product","3":"status-publish","4":"has-post-thumbnail","6":"product_cat-raudvin","7":"hide-add-to-cart-button","9":"first","10":"instock","11":"taxable","12":"shipping-taxable","13":"purchasable","14":"product-type-simple"},"acf":[],"jetpack_sharing_enabled":true,"_links":{"self":[{"href":"https:\/\/kallik.is\/en\/wp-json\/wp\/v2\/product\/1482","targetHints":{"allow":["GET"]}}],"collection":[{"href":"https:\/\/kallik.is\/en\/wp-json\/wp\/v2\/product"}],"about":[{"href":"https:\/\/kallik.is\/en\/wp-json\/wp\/v2\/types\/product"}],"replies":[{"embeddable":true,"href":"https:\/\/kallik.is\/en\/wp-json\/wp\/v2\/comments?post=1482"}],"wp:featuredmedia":[{"embeddable":true,"href":"https:\/\/kallik.is\/en\/wp-json\/wp\/v2\/media\/6716"}],"wp:attachment":[{"href":"https:\/\/kallik.is\/en\/wp-json\/wp\/v2\/media?parent=1482"}],"wp:term":[{"taxonomy":"product_brand","embeddable":true,"href":"https:\/\/kallik.is\/en\/wp-json\/wp\/v2\/product_brand?post=1482"},{"taxonomy":"product_cat","embeddable":true,"href":"https:\/\/kallik.is\/en\/wp-json\/wp\/v2\/product_cat?post=1482"},{"taxonomy":"product_tag","embeddable":true,"href":"https:\/\/kallik.is\/en\/wp-json\/wp\/v2\/product_tag?post=1482"}],"curies":[{"name":"wp","href":"https:\/\/api.w.org\/{rel}","templated":true}]}}